{"id":985,"date":"2025-02-14T17:25:12","date_gmt":"2025-02-14T16:25:12","guid":{"rendered":"https:\/\/riverboat-bistro.de\/?page_id=985"},"modified":"2025-09-03T13:33:20","modified_gmt":"2025-09-03T11:33:20","slug":"bistro-2","status":"publish","type":"page","link":"https:\/\/riverboat-bistro.de\/?page_id=985","title":{"rendered":"Bistro"},"content":{"rendered":"<div data-colibri-id=\"985-c1\" class=\"style-647 style-local-985-c1 position-relative\">\n  <!---->\n  <div data-colibri-component=\"section\" data-colibri-id=\"985-c2\" data-aos=\"fadeInLeft\" id=\"about\" class=\"h-section h-section-global-spacing d-flex align-items-lg-center align-items-md-center align-items-center style-648 style-local-985-c2 position-relative\">\n    <!---->\n    <!---->\n    <div class=\"h-section-grid-container h-section-boxed-container\">\n      <!---->\n      <div data-colibri-id=\"985-c3\" class=\"h-row-container gutters-row-lg-2 gutters-row-md-2 gutters-row-2 gutters-row-v-lg-2 gutters-row-v-md-2 gutters-row-v-2 style-649 style-local-985-c3 position-relative\">\n        <!---->\n        <div class=\"h-row justify-content-lg-center justify-content-md-center justify-content-center align-items-lg-stretch align-items-md-stretch align-items-stretch gutters-col-lg-2 gutters-col-md-2 gutters-col-2 gutters-col-v-lg-2 gutters-col-v-md-2 gutters-col-v-2\">\n          <!---->\n          <div class=\"h-column h-column-container d-flex h-col-lg-auto h-col-md-auto h-col-auto style-650-outer style-local-985-c4-outer\">\n            <div data-colibri-id=\"985-c4\" class=\"d-flex h-flex-basis h-column__inner h-px-lg-2 h-px-md-2 h-px-2 v-inner-lg-2 v-inner-md-2 v-inner-2 style-650 style-local-985-c4 position-relative\">\n              <!---->\n              <!---->\n              <div class=\"w-100 h-y-container h-column__content h-column__v-align flex-basis-100 align-self-lg-center align-self-md-center align-self-center\">\n                <!---->\n                <div data-colibri-id=\"985-c5\" class=\"h-global-transition-all h-heading style-651 style-local-985-c5 position-relative h-element\">\n                  <!---->\n                  <div class=\"h-heading__outer style-651 style-local-985-c5\">\n                    <!---->\n                    <!---->\n                    <h5 class=\"\">Das Bistro am Riverboat<\/h5>\n                  <\/div>\n                <\/div>\n                <div data-colibri-id=\"985-c6\" class=\"h-global-transition-all h-heading style-652 style-local-985-c6 position-relative h-element\">\n                  <!---->\n                  <div class=\"h-heading__outer style-652 style-local-985-c6\">\n                    <!---->\n                    <!---->\n                    <h2 class=\"\">Ein&nbsp;<em style=\"color: rgb(247, 144, 7); font-family: &quot;Playfair Display&quot;;\">gem\u00fctlicher<\/em>&nbsp;Platz zum&nbsp;<em style=\"color: rgb(247, 144, 7); font-family: &quot;Playfair Display&quot;;\">Feiern<\/em> mit Au\u00dfengel\u00e4nde<\/h2>\n                  <\/div>\n                <\/div>\n                <div data-colibri-id=\"985-c7\" class=\"h-text h-text-component style-653 style-local-985-c7 position-relative h-element\">\n                  <!---->\n                  <!---->\n                  <div class=\"\">\n                    <p>W\u00e4hrend der Saison bieten wir Ihnen bei weniger gutem Wetter gem\u00fctliche Atmosph\u00e4re im Innenraum mit kleiner Bar und Lounge. Ganzj\u00e4hrig k\u00f6nnen Sie unser Bistro mieten f\u00fcr Feiern bis zu maximal 35 Teilnehmern.<\/p>\n                    <p><strong style=\"color: rgb(0, 0, 0);\">\ud83c\udf3f <\/strong><em style=\"color: rgb(64, 69, 67); font-family: &quot;Playfair Display&quot;; font-size: 16px; font-weight: 400;\">Garten<\/em><span style=\"color: rgb(64, 69, 67); font-family: &quot;Playfair Display&quot;; font-size: 16px; font-weight: 400;\">:<\/span>\n                      <br>Der gem\u00fctliche Garten mit gro\u00dfem Schirm ist Teil der Nutzung.<\/p>\n                    <p><span style=\"font-size: medium; color: rgb(0, 0, 0); font-weight: 400;\">\ud83c\udf7d\ufe0f&nbsp;<\/span><em style=\"font-size: 16px; color: rgb(64, 69, 67); font-weight: 400; font-family: &quot;Playfair Display&quot;;\">Catering<\/em><span style=\"font-size: 16px; color: rgb(64, 69, 67); font-weight: 400; font-family: &quot;Playfair Display&quot;;\">:<\/span>\n                      <br>Sie sind bei der Wahl des Caterers frei. Gern bieten wir Ihnen den kompletten Service.<\/p>\n                    <p><span style=\"font-size: medium; color: rgb(0, 0, 0); font-weight: 400;\">\u2693\ufe0f&nbsp;<\/span><em style=\"font-size: 16px; color: rgb(64, 69, 67); font-weight: 400; font-family: &quot;Playfair Display&quot;;\">Bootstouren<\/em><span style=\"font-size: 16px; color: rgb(64, 69, 67); font-weight: 400; font-family: &quot;Playfair Display&quot;;\">:<\/span>\n                      <br>Mit unseren guten Kontakten zu Anbietern gef\u00fchrter Bootstouren sind wir Ihnen gern bei einer Buchung behilflich. Unser Favorit: &#8222;MS Weltfrieden&#8220;<\/p>\n                    <p><span style=\"font-size: medium; color: rgb(0, 0, 0);\">\ud83c\udd7f\ufe0f&nbsp;<\/span><em style=\"font-size: 16px; color: rgb(64, 69, 67); font-family: &quot;Playfair Display&quot;; font-weight: 400;\">Parkpl\u00e4tze<\/em><span style=\"font-size: 16px; color: rgb(64, 69, 67); font-family: &quot;Playfair Display&quot;; font-weight: 400;\">:<\/span>\n                      <span\n                        style=\"font-size: medium;\">\n                        <br>\n                        <\/span>Wer mit dem Fahrzeug kommt, kann die Stellpl\u00e4tze im Hof nutzen.<\/p>\n                  <\/div>\n                <\/div>\n                <div data-colibri-id=\"985-c8\" class=\"h-x-container style-654 style-local-985-c8 position-relative h-element\">\n                  <!---->\n                  <div class=\"h-x-container-inner style-dynamic-985-c8-group style-654-spacing style-local-985-c8-spacing\"><span class=\"h-button__outer style-655-outer style-local-985-c9-outer d-inline-flex h-element\"><a h-use-smooth-scroll=\"true\" href=\"https:\/\/riverboat-bistro.de\/?page_id=589\"  data-colibri-id=\"985-c9\" class=\"d-flex w-100 align-items-center h-button justify-content-lg-center justify-content-md-center justify-content-center style-655 style-local-985-c9 position-relative\"><!----><!----> <span>Anfrage Vermietung<\/span><\/a>\n                    <\/span><span class=\"h-button__outer style-655-outer style-local-985-c10-outer d-inline-flex h-element\"><a h-use-smooth-scroll=\"true\" href=\"https:\/\/riverboat-bistro.de\/?page_id=2\"  data-colibri-id=\"985-c10\" class=\"d-flex w-100 align-items-center h-button justify-content-lg-center justify-content-md-center justify-content-center style-655 style-local-985-c10 position-relative\"><!----><!----> <span>Freisitz<\/span><\/a>\n                    <\/span><span class=\"h-button__outer style-655-outer style-local-985-c11-outer d-inline-flex h-element\"><a h-use-smooth-scroll=\"true\" href=\"https:\/\/riverboat-bistro.de\/?page_id=394\"  data-colibri-id=\"985-c11\" class=\"d-flex w-100 align-items-center h-button justify-content-lg-center justify-content-md-center justify-content-center style-655 style-local-985-c11 position-relative\"><!----><!----> <span>Garten<\/span><\/a>\n                    <\/span>\n                  <\/div>\n                <\/div>\n              <\/div>\n            <\/div>\n          <\/div>\n          <div class=\"h-column h-column-container d-flex h-col-lg-auto h-col-md-auto h-col-auto style-656-outer style-local-985-c12-outer\">\n            <div data-colibri-id=\"985-c12\" class=\"d-flex h-flex-basis h-column__inner h-px-lg-2 h-px-md-2 h-px-2 v-inner-lg-2 v-inner-md-2 v-inner-2 style-656 style-local-985-c12 position-relative\">\n              <!---->\n              <!---->\n              <div class=\"w-100 h-y-container h-column__content h-column__v-align flex-basis-100 align-self-lg-center align-self-md-center align-self-center\">\n                <!---->\n                <div data-colibri-id=\"985-c13\" class=\"d-block style-657 style-local-985-c13 position-relative h-element\">\n                  <!---->\n                  <div class=\"h-image__frame-container-outer\">\n                    <div class=\"h-image__frame-container\">\n                      <!---->\n                      <!---->\n                      <img loading=\"lazy\" decoding=\"async\" width=\"1000\" height=\"683\" src=\"https:\/\/riverboat-bistro.de\/wp-content\/uploads\/2025\/02\/bistro_gastraum1.jpg\" class=\"wp-image-1764 style-657-image style-local-985-c13-image\" alt=\"\" srcset=\"https:\/\/riverboat-bistro.de\/wp-content\/uploads\/2025\/02\/bistro_gastraum1.jpg 1000w, https:\/\/riverboat-bistro.de\/wp-content\/uploads\/2025\/02\/bistro_gastraum1-300x205.jpg 300w, https:\/\/riverboat-bistro.de\/wp-content\/uploads\/2025\/02\/bistro_gastraum1-768x525.jpg 768w\" sizes=\"auto, (max-width: 1000px) 100vw, 1000px\" \/>\n                      <div class=\"h-image__frame h-hide-sm style-657-frameImage style-local-985-c13-frameImage\"><\/div>\n                    <\/div>\n                  <\/div>\n                <\/div>\n              <\/div>\n            <\/div>\n          <\/div>\n        <\/div>\n      <\/div>\n    <\/div>\n  <\/div>\n<\/div>","protected":false},"excerpt":{"rendered":"<p>Das Bistro am Riverboat Ein&nbsp;gem\u00fctlicher&nbsp;Platz zum&nbsp;Feiern mit Au\u00dfengel\u00e4nde W\u00e4hrend der Saison bieten wir Ihnen bei weniger gutem Wetter gem\u00fctliche Atmosph\u00e4re im Innenraum mit kleiner Bar und Lounge. Ganzj\u00e4hrig k\u00f6nnen Sie unser Bistro mieten f\u00fcr Feiern bis zu maximal 35 Teilnehmern. \ud83c\udf3f Garten: Der gem\u00fctliche Garten mit gro\u00dfem Schirm ist Teil der Nutzung. \ud83c\udf7d\ufe0f&nbsp;Catering: Sie sind [&hellip;]<\/p>\n","protected":false},"author":1,"featured_media":0,"parent":0,"menu_order":0,"comment_status":"closed","ping_status":"closed","template":"page-templates\/full-width-page.php","meta":{"footnotes":""},"class_list":["post-985","page","type-page","status-publish","hentry"],"_links":{"self":[{"href":"https:\/\/riverboat-bistro.de\/index.php?rest_route=\/wp\/v2\/pages\/985","targetHints":{"allow":["GET"]}}],"collection":[{"href":"https:\/\/riverboat-bistro.de\/index.php?rest_route=\/wp\/v2\/pages"}],"about":[{"href":"https:\/\/riverboat-bistro.de\/index.php?rest_route=\/wp\/v2\/types\/page"}],"author":[{"embeddable":true,"href":"https:\/\/riverboat-bistro.de\/index.php?rest_route=\/wp\/v2\/users\/1"}],"replies":[{"embeddable":true,"href":"https:\/\/riverboat-bistro.de\/index.php?rest_route=%2Fwp%2Fv2%2Fcomments&post=985"}],"version-history":[{"count":15,"href":"https:\/\/riverboat-bistro.de\/index.php?rest_route=\/wp\/v2\/pages\/985\/revisions"}],"predecessor-version":[{"id":3291,"href":"https:\/\/riverboat-bistro.de\/index.php?rest_route=\/wp\/v2\/pages\/985\/revisions\/3291"}],"wp:attachment":[{"href":"https:\/\/riverboat-bistro.de\/index.php?rest_route=%2Fwp%2Fv2%2Fmedia&parent=985"}],"curies":[{"name":"wp","href":"https:\/\/api.w.org\/{rel}","templated":true}]}}