{"id":838,"date":"2025-02-14T10:15:37","date_gmt":"2025-02-14T09:15:37","guid":{"rendered":"https:\/\/riverboat-bistro.de\/?page_id=838"},"modified":"2025-10-21T17:50:27","modified_gmt":"2025-10-21T15:50:27","slug":"impressum","status":"publish","type":"page","link":"https:\/\/riverboat-bistro.de\/?page_id=838","title":{"rendered":"Impressum"},"content":{"rendered":"<div data-colibri-id=\"838-c1\" class=\"style-524 style-local-838-c1 position-relative\">\n  <!---->\n  <div data-colibri-component=\"section\" data-colibri-id=\"838-c2\" id=\"content\" class=\"h-section h-section-global-spacing d-flex align-items-lg-center align-items-md-center align-items-center style-525 style-local-838-c2 position-relative\">\n    <!---->\n    <!---->\n    <div class=\"h-section-grid-container h-section-boxed-container\">\n      <!---->\n      <div data-colibri-id=\"838-c3\" class=\"h-row-container gutters-row-lg-0 gutters-row-md-0 gutters-row-2 gutters-row-v-lg-0 gutters-row-v-md-0 gutters-row-v-0 style-526 style-local-838-c3 position-relative\">\n        <!---->\n        <div class=\"h-row justify-content-lg-center justify-content-md-center justify-content-center align-items-lg-center align-items-md-center align-items-center gutters-col-lg-0 gutters-col-md-0 gutters-col-2 gutters-col-v-lg-0 gutters-col-v-md-0 gutters-col-v-0\">\n          <!---->\n          <div class=\"h-column h-column-container d-flex h-col-lg-auto h-col-md-auto h-col-auto align-self-lg-center align-self-md-center align-self-center style-527-outer style-local-838-c4-outer\">\n            <div data-colibri-id=\"838-c4\" class=\"d-flex h-flex-basis h-column__inner h-px-lg-0 h-px-md-0 h-px-0 v-inner-lg-0 v-inner-md-0 v-inner-0 style-527 style-local-838-c4 position-relative\">\n              <!---->\n              <!---->\n              <div class=\"w-100 h-y-container h-column__content h-column__v-align flex-basis-100 align-self-lg-center align-self-md-center align-self-center\">\n                <!---->\n                <div data-colibri-id=\"838-c5\" class=\"h-row-container gutters-row-lg-0 gutters-row-md-1 gutters-row-0 gutters-row-v-lg-0 gutters-row-v-md-1 gutters-row-v-2 style-528 style-local-838-c5 position-relative\">\n                  <!---->\n                  <div class=\"h-row justify-content-lg-center justify-content-md-center justify-content-center align-items-lg-stretch align-items-md-stretch align-items-stretch gutters-col-lg-0 gutters-col-md-1 gutters-col-0 gutters-col-v-lg-0 gutters-col-v-md-1 gutters-col-v-2\">\n                    <!---->\n                    <div class=\"h-column h-column-container d-flex h-col-lg-6 h-col-md-6 h-col-12 style-529-outer style-local-838-c6-outer\">\n                      <div data-colibri-id=\"838-c6\" class=\"d-flex h-flex-basis h-column__inner h-px-lg-2 h-px-md-1 h-px-2 v-inner-lg-2 v-inner-md-1 v-inner-2 style-529 style-local-838-c6 position-relative\">\n                        <!---->\n                        <!---->\n                        <div class=\"w-100 h-y-container h-column__content h-column__v-align flex-basis-100 align-self-lg-start align-self-md-start align-self-start\">\n                          <!---->\n                          <div data-colibri-id=\"838-c7\" class=\"h-icon style-530 style-local-838-c7 position-relative h-element\">\n                            <!----><span class=\"h-svg-icon h-icon__icon style-530-icon style-local-838-c7-icon\"><!--Icon by Font Awesome (https:\/\/fontawesome.com)-->\n    <svg version=\"1.1\" xmlns=\"http:\/\/www.w3.org\/2000\/svg\" xmlns:xlink=\"http:\/\/www.w3.org\/1999\/xlink\" id=\"map-marker\" viewBox=\"0 0 1049.8953 1896.0833\">\n      <path d=\"M768 640q0-106-75-181t-181-75-181 75-75 181 75 181 181 75 181-75 75-181zm256 0q0 109-33 179l-364 774q-16 33-47.5 52t-67.5 19-67.5-19-46.5-52L33 819Q0 749 0 640q0-212 150-362t362-150 362 150 150 362z\"><\/path>\n    <\/svg><\/span><\/div>\n                          <div data-colibri-id=\"838-c8\" class=\"h-text h-text-component style-531 style-local-838-c8 position-relative h-element\">\n                            <!---->\n                            <!---->\n                            <div class=\"\">\n                              <p>Bistro am Riverboat\n                                <br>c\/o Riverboat Leipzig GmbH\n                                <br>Erich-Zeigner-Allee 45\n                                <br>04229 Leipzig (Plagwitz)<\/p>\n                            <\/div>\n                          <\/div>\n                        <\/div>\n                      <\/div>\n                    <\/div>\n                    <div class=\"h-column h-column-container d-flex h-col-lg-6 h-col-md-6 h-col-12 style-529-outer style-local-838-c9-outer\">\n                      <div data-colibri-id=\"838-c9\" class=\"d-flex h-flex-basis h-column__inner h-px-lg-2 h-px-md-1 h-px-2 v-inner-lg-2 v-inner-md-1 v-inner-2 style-529 style-local-838-c9 position-relative\">\n                        <!---->\n                        <!---->\n                        <div class=\"w-100 h-y-container h-column__content h-column__v-align flex-basis-100 align-self-lg-start align-self-md-start align-self-start\">\n                          <!---->\n                          <div data-colibri-id=\"838-c10\" class=\"h-icon style-530 style-local-838-c10 position-relative h-element\">\n                            <!----><span class=\"h-svg-icon h-icon__icon style-530-icon style-local-838-c10-icon\"><!--Icon by Ionicons (https:\/\/ionicons.com)--><svg version=\"1.1\" xmlns=\"http:\/\/www.w3.org\/2000\/svg\" xmlns:xlink=\"http:\/\/www.w3.org\/1999\/xlink\" id=\"android-mail\" viewBox=\"0 0 448 512\"><path d=\"M405 80c23 0 43 20 43 43v266c0 23-20 43-43 43H43c-23 0-43-20-43-43V123c0-23 20-43 43-43h362zm-5 91v-43L224 245 48 128v43l176 117z\"><\/path><\/svg><\/span><\/div>\n                          <div\n                            data-colibri-id=\"838-c11\" class=\"h-text h-text-component style-531 style-local-838-c11 position-relative h-element\">\n                            <!---->\n                            <!---->\n                            <div class=\"\">\n                              <p>info(at)riverboat-bistro.de<\/p>\n                            <\/div>\n                        <\/div>\n                      <\/div>\n                    <\/div>\n                  <\/div>\n                  <div class=\"h-column h-column-container d-flex h-col-lg-6 h-col-md-6 h-col-12 style-529-outer style-local-838-c12-outer\">\n                    <div data-colibri-id=\"838-c12\" class=\"d-flex h-flex-basis h-column__inner h-px-lg-2 h-px-md-1 h-px-2 v-inner-lg-2 v-inner-md-1 v-inner-2 style-529 style-local-838-c12 position-relative\">\n                      <!---->\n                      <!---->\n                      <div class=\"w-100 h-y-container h-column__content h-column__v-align flex-basis-100 align-self-lg-start align-self-md-start align-self-start\">\n                        <!---->\n                        <div data-colibri-id=\"838-c13\" class=\"h-icon style-530 style-local-838-c13 position-relative h-element\">\n                          <!----><span class=\"h-svg-icon h-icon__icon style-530-icon style-local-838-c13-icon\"><!--Icon by Ionicons (https:\/\/ionicons.com)--><svg version=\"1.1\" xmlns=\"http:\/\/www.w3.org\/2000\/svg\" xmlns:xlink=\"http:\/\/www.w3.org\/1999\/xlink\" id=\"headphone\" viewBox=\"0 0 384 512\"><path d=\"M383 238c3 51-3 130-13 162-20 67-40 80-72 80s-58-27-58-59V315c0-33 23-59 53-59 18 0 34 9 44 24 0 0 11-7 13-22s4-34-5-64-21-19-36-38c-2-3-5-7-8-10l-10-10c-2-2-3-3-5-4-11-9-21-17-34-23-19-9-39-13-60-13s-42 4-61 13c-13 6-22 14-33 23-2 1-3 2-5 4l-10 10s-6 7-8 10c-15 19-27 8-36 38-9 31-7 49-5 64s13 22 13 22c10-15 26-24 44-24 30 0 53 27 53 59v106c0 32-26 59-58 59s-52-13-72-80C4 368-2 289 1 238c3-60 22-108 56-145 8-8 15-16 24-23s19-13 29-18c25-13 53-20 82-20s57 7 82 20c10 5 19 11 28 18s17 15 25 23c34 37 53 85 56 145z\"><\/path><\/svg><\/span><\/div>\n                        <div\n                          data-colibri-id=\"838-c14\" class=\"h-text h-text-component style-531 style-local-838-c14 position-relative h-element\">\n                          <!---->\n                          <!---->\n                          <div class=\"\">\n                            <p>0341 124 73 03<\/p>\n                          <\/div>\n                      <\/div>\n                    <\/div>\n                  <\/div>\n                <\/div>\n                <div class=\"h-column h-column-container d-flex h-col-lg-6 h-col-md-6 h-col-12 style-529-outer style-local-838-c15-outer\">\n                  <div data-colibri-id=\"838-c15\" class=\"d-flex h-flex-basis h-column__inner h-px-lg-2 h-px-md-1 h-px-2 v-inner-lg-2 v-inner-md-1 v-inner-2 style-529 style-local-838-c15 position-relative\">\n                    <!---->\n                    <!---->\n                    <div class=\"w-100 h-y-container h-column__content h-column__v-align flex-basis-100 align-self-lg-start align-self-md-start align-self-start\">\n                      <!---->\n                      <div data-colibri-id=\"838-c16\" class=\"h-icon style-530 style-local-838-c16 position-relative h-element\">\n                        <!----><span class=\"h-svg-icon h-icon__icon style-530-icon style-local-838-c16-icon\"><!--Icon by Ionicons (https:\/\/ionicons.com)--><svg version=\"1.1\" xmlns=\"http:\/\/www.w3.org\/2000\/svg\" xmlns:xlink=\"http:\/\/www.w3.org\/1999\/xlink\" id=\"android-person\" viewBox=\"0 0 384 512\"><path d=\"M192 256c-53 0-96-43-96-96s43-96 96-96 96 43 96 96-43 96-96 96zm0 48c64 0 192 32 192 96v48H0v-48c0-64 128-96 192-96z\"><\/path><\/svg><\/span><\/div>\n                      <div\n                        data-colibri-id=\"838-c17\" class=\"h-text h-text-component style-531 style-local-838-c17 position-relative h-element\">\n                        <!---->\n                        <!---->\n                        <div class=\"\">\n                          <p>GF Uwe W. Oberth\u00fcr<\/p>\n                        <\/div>\n                    <\/div>\n                  <\/div>\n                <\/div>\n              <\/div>\n              <div class=\"h-column h-column-container d-flex h-col-lg-6 h-col-md-6 h-col-12 style-529-outer style-local-838-c18-outer\">\n                <div data-colibri-id=\"838-c18\" class=\"d-flex h-flex-basis h-column__inner h-px-lg-2 h-px-md-1 h-px-2 v-inner-lg-2 v-inner-md-1 v-inner-2 style-529 style-local-838-c18 position-relative\">\n                  <!---->\n                  <!---->\n                  <div class=\"w-100 h-y-container h-column__content h-column__v-align flex-basis-100 align-self-lg-start align-self-md-start align-self-start\">\n                    <!---->\n                    <div data-colibri-id=\"838-c19\" class=\"h-icon style-530 style-local-838-c19 position-relative h-element\">\n                      <!----><span class=\"h-svg-icon h-icon__icon style-530-icon style-local-838-c19-icon\"><!--Icon by Icons8 Line Awesome (https:\/\/icons8.com\/line-awesome)--><svg version=\"1.1\" xmlns=\"http:\/\/www.w3.org\/2000\/svg\" xmlns:xlink=\"http:\/\/www.w3.org\/1999\/xlink\" id=\"book\" viewBox=\"0 0 512 545.5\"><path d=\"M160 112c46.716 0 87.714 15.696 96 19 8.286-3.304 49.284-19 96-19 51.633 0 102 21 102 21l10 4.5V464H283.5c-5.535 9.55-15.662 16-27.5 16s-21.965-6.45-27.5-16H48V137.5l10-4.5s50.367-21 102-21zm0 32c-35.185 0-67.71 11.04-80 15.5v258c19-6.27 46.35-14 80-14 32.912 0 62.207 8.096 80 14v-258c-16.003-5.485-49.065-15.5-80-15.5zm192 0c-30.935 0-63.997 10.015-80 15.5v258c17.793-5.904 47.088-14 80-14 33.65 0 61 7.73 80 14v-258c-12.29-4.46-44.815-15.5-80-15.5z\"><\/path><\/svg><\/span><\/div>\n                    <div\n                      data-colibri-id=\"838-c20\" class=\"h-text h-text-component style-531 style-local-838-c20 position-relative h-element\">\n                      <!---->\n                      <!---->\n                      <div class=\"\">\n                        <p>Amtsgericht Leipzig\n                          <br>HRB 40886<\/p>\n                      <\/div>\n                  <\/div>\n                <\/div>\n              <\/div>\n            <\/div>\n            <div class=\"h-column h-column-container d-flex h-col-lg-6 h-col-md-6 h-col-12 style-529-outer style-local-838-c21-outer\">\n              <div data-colibri-id=\"838-c21\" class=\"d-flex h-flex-basis h-column__inner h-px-lg-2 h-px-md-1 h-px-2 v-inner-lg-2 v-inner-md-1 v-inner-2 style-529 style-local-838-c21 position-relative\">\n                <!---->\n                <!---->\n                <div class=\"w-100 h-y-container h-column__content h-column__v-align flex-basis-100 align-self-lg-start align-self-md-start align-self-start\">\n                  <!---->\n                  <div data-colibri-id=\"838-c22\" class=\"h-icon style-530 style-local-838-c22 position-relative h-element\">\n                    <!----><span class=\"h-svg-icon h-icon__icon style-530-icon style-local-838-c22-icon\"><!--Icon by Font Awesome (https:\/\/fontawesome.com)-->\n    <svg version=\"1.1\" xmlns=\"http:\/\/www.w3.org\/2000\/svg\" xmlns:xlink=\"http:\/\/www.w3.org\/1999\/xlink\" id=\"money\" viewBox=\"0 0 1920 1896.0833\">\n      <path d=\"M768 1152h384v-96h-128V608H910L762 745l77 80q42-37 55-57h2v288H768v96zm512-256q0 70-21 142t-59.5 134-101.5 101-138 39-138-39-101.5-101-59.5-134-21-142 21-142 59.5-134T822 519t138-39 138 39 101.5 101 59.5 134 21 142zm512 256V640q-106 0-181-75t-75-181H384q0 106-75 181t-181 75v512q106 0 181 75t75 181h1152q0-106 75-181t181-75zm128-832v1152q0 26-19 45t-45 19H64q-26 0-45-19t-19-45V320q0-26 19-45t45-19h1792q26 0 45 19t19 45z\"><\/path>\n    <\/svg><\/span><\/div>\n                  <div data-colibri-id=\"838-c23\" class=\"h-text h-text-component style-531 style-local-838-c23 position-relative h-element\">\n                    <!---->\n                    <!---->\n                    <div class=\"\">\n                      <p>DE 357070005<\/p>\n                    <\/div>\n                  <\/div>\n                <\/div>\n              <\/div>\n            <\/div>\n          <\/div>\n        <\/div>\n      <\/div>\n    <\/div>\n  <\/div>\n  <div class=\"h-column h-column-container d-flex h-col-lg-auto h-col-md-auto h-col-auto align-self-lg-center align-self-md-center align-self-center style-532-outer style-local-838-c24-outer\">\n    <div data-colibri-id=\"838-c24\" class=\"d-flex h-flex-basis h-column__inner h-px-lg-3 h-px-md-0 h-px-0 v-inner-lg-3 v-inner-md-0 v-inner-0 style-532 style-local-838-c24 position-relative\">\n      <!---->\n      <!---->\n      <div class=\"w-100 h-y-container h-column__content h-column__v-align flex-basis-100 align-self-lg-center align-self-md-center align-self-center\">\n        <!---->\n        <div data-colibri-id=\"838-c25\" class=\"h-text h-text-component style-534 style-local-838-c25 position-relative h-element\">\n          <!---->\n          <!---->\n          <div class=\"\">\n            <h2><span style=\"font-weight: 300; font-size: 23.940001px;\">Hinweis zur Online-Streitbeilegung gem\u00e4\u00df Art. 14 Abs. 1 ODR-VO:<\/span><\/h2>\n            <p><span style=\"font-weight: 300;\">Die Europ\u00e4ische Kommission stellt eine Plattform zur Online-Streitbeilegung (OS) bereit, die Sie finden unter:&nbsp;<\/span>&nbsp;\n              <a href=\"http:\/\/ec.europa.eu\/consumers\/odr\" style=\"font-family: Ubuntu; font-weight: 300; font-size: 1em; color: rgb(0, 77, 138);\"\n                target=\"_blank\" rel=\"noreferrer noopener\" class=\"customize-unpreviewable\">http:\/\/ec.europa.eu\/consumers\/odr<\/a>\n            <\/p>\n            <p><span style=\"font-weight: 300;\">Wir sind nicht verpflichtet und nicht bereit, an einem Streitbeilegungsverfahren vor einer Verbraucherschlichtungsstelle teilzunehmen.<\/span><\/p>\n            <p>\n              <br>\n            <\/p>\n          <\/div>\n        <\/div>\n      <\/div>\n    <\/div>\n  <\/div>\n  <div class=\"h-column h-column-container d-flex h-col-lg-auto h-col-md-auto h-col-auto align-self-lg-center align-self-md-center align-self-center style-535-outer style-local-838-c26-outer\">\n    <div data-colibri-id=\"838-c26\" class=\"d-flex h-flex-basis h-column__inner h-px-lg-0 h-px-md-0 h-px-0 v-inner-lg-0 v-inner-md-0 v-inner-0 style-535 style-local-838-c26 position-relative\">\n      <!---->\n      <!---->\n      <div class=\"w-100 h-y-container h-column__content h-column__v-align flex-basis-100 align-self-lg-center align-self-md-center align-self-center\">\n        <!---->\n        <div data-colibri-id=\"838-c27\" class=\"d-block style-536 style-local-838-c27 position-relative h-element\">\n          <!---->\n          <div class=\"h-image__frame-container-outer\">\n            <div class=\"h-image__frame-container\">\n              <!---->\n              <!---->\n              <img loading=\"lazy\" decoding=\"async\" width=\"985\" height=\"985\" src=\"https:\/\/riverboat-bistro.de\/wp-content\/uploads\/2025\/02\/cropped-cropped-cropped-A643074-scaled-1.jpg\" class=\"wp-image-840 style-536-image style-local-838-c27-image\" alt=\"\" srcset=\"https:\/\/riverboat-bistro.de\/wp-content\/uploads\/2025\/02\/cropped-cropped-cropped-A643074-scaled-1.jpg 985w, https:\/\/riverboat-bistro.de\/wp-content\/uploads\/2025\/02\/cropped-cropped-cropped-A643074-scaled-1-300x300.jpg 300w, https:\/\/riverboat-bistro.de\/wp-content\/uploads\/2025\/02\/cropped-cropped-cropped-A643074-scaled-1-150x150.jpg 150w, https:\/\/riverboat-bistro.de\/wp-content\/uploads\/2025\/02\/cropped-cropped-cropped-A643074-scaled-1-768x768.jpg 768w\" sizes=\"auto, (max-width: 985px) 100vw, 985px\" \/>\n              <div class=\"h-image__frame h-hide-lg h-hide-md h-hide-sm style-536-frameImage style-local-838-c27-frameImage\"><\/div>\n            <\/div>\n          <\/div>\n        <\/div>\n      <\/div>\n    <\/div>\n  <\/div>\n<\/div>\n<\/div>\n<\/div>\n<\/div>\n<\/div>","protected":false},"excerpt":{"rendered":"<p>Bistro am Riverboat c\/o Riverboat Leipzig GmbH Erich-Zeigner-Allee 45 04229 Leipzig (Plagwitz) info(at)riverboat-bistro.de 0341 124 73 03 GF Uwe W. Oberth\u00fcr Amtsgericht Leipzig HRB 40886 DE 357070005 Hinweis zur Online-Streitbeilegung gem\u00e4\u00df Art. 14 Abs. 1 ODR-VO: Die Europ\u00e4ische Kommission stellt eine Plattform zur Online-Streitbeilegung (OS) bereit, die Sie finden unter:&nbsp;&nbsp; http:\/\/ec.europa.eu\/consumers\/odr Wir sind nicht verpflichtet [&hellip;]<\/p>\n","protected":false},"author":1,"featured_media":0,"parent":0,"menu_order":0,"comment_status":"closed","ping_status":"closed","template":"page-templates\/full-width-page.php","meta":{"footnotes":""},"class_list":["post-838","page","type-page","status-publish","hentry"],"_links":{"self":[{"href":"https:\/\/riverboat-bistro.de\/index.php?rest_route=\/wp\/v2\/pages\/838","targetHints":{"allow":["GET"]}}],"collection":[{"href":"https:\/\/riverboat-bistro.de\/index.php?rest_route=\/wp\/v2\/pages"}],"about":[{"href":"https:\/\/riverboat-bistro.de\/index.php?rest_route=\/wp\/v2\/types\/page"}],"author":[{"embeddable":true,"href":"https:\/\/riverboat-bistro.de\/index.php?rest_route=\/wp\/v2\/users\/1"}],"replies":[{"embeddable":true,"href":"https:\/\/riverboat-bistro.de\/index.php?rest_route=%2Fwp%2Fv2%2Fcomments&post=838"}],"version-history":[{"count":5,"href":"https:\/\/riverboat-bistro.de\/index.php?rest_route=\/wp\/v2\/pages\/838\/revisions"}],"predecessor-version":[{"id":3514,"href":"https:\/\/riverboat-bistro.de\/index.php?rest_route=\/wp\/v2\/pages\/838\/revisions\/3514"}],"wp:attachment":[{"href":"https:\/\/riverboat-bistro.de\/index.php?rest_route=%2Fwp%2Fv2%2Fmedia&parent=838"}],"curies":[{"name":"wp","href":"https:\/\/api.w.org\/{rel}","templated":true}]}}