{"id":589,"date":"2025-02-07T11:35:49","date_gmt":"2025-02-07T10:35:49","guid":{"rendered":"https:\/\/riverboat-bistro.de\/?page_id=589"},"modified":"2025-08-29T09:35:16","modified_gmt":"2025-08-29T07:35:16","slug":"anfrage-vermietung","status":"publish","type":"page","link":"https:\/\/riverboat-bistro.de\/?page_id=589","title":{"rendered":"Anfrage Vermietung"},"content":{"rendered":"<div data-colibri-id=\"589-c1\" class=\"style-437 style-local-589-c1 position-relative\">\n  <!---->\n  <div data-colibri-component=\"section\" data-colibri-id=\"589-c2\" id=\"contact\" class=\"h-section h-section-global-spacing d-flex align-items-lg-center align-items-md-center align-items-center style-483 style-local-589-c2 position-relative\">\n    <div class=\"background-wrapper\">\n      <div class=\"background-layer background-layer-media-container-lg\">\n        <!---->\n        <div class=\"overlay-layer\">\n          <div class=\"overlay-image-layer\" style=\"background-color: rgb(23, 37, 42); opacity: 0.5;\"><\/div>\n        <\/div>\n      <\/div>\n      <div class=\"background-layer background-layer-media-container-md\">\n        <!---->\n        <div class=\"overlay-layer\">\n          <div class=\"overlay-image-layer\" style=\"background-color: rgb(23, 37, 42); opacity: 0.5;\"><\/div>\n        <\/div>\n      <\/div>\n      <div class=\"background-layer background-layer-media-container\">\n        <!---->\n        <div class=\"overlay-layer\">\n          <div class=\"overlay-image-layer\" style=\"background-color: rgb(23, 37, 42); opacity: 0.5;\"><\/div>\n        <\/div>\n      <\/div>\n    <\/div>\n    <!---->\n    <div class=\"h-section-grid-container h-section-boxed-container\">\n      <!---->\n      <div data-colibri-id=\"589-c3\" class=\"h-row-container gutters-row-lg-2 gutters-row-md-2 gutters-row-0 gutters-row-v-lg-2 gutters-row-v-md-2 gutters-row-v-2 style-895 style-local-589-c3 position-relative\">\n        <!---->\n        <div class=\"h-row justify-content-lg-center justify-content-md-center justify-content-center align-items-lg-stretch align-items-md-stretch align-items-stretch gutters-col-lg-2 gutters-col-md-2 gutters-col-0 gutters-col-v-lg-2 gutters-col-v-md-2 gutters-col-v-2\">\n          <!---->\n          <div class=\"h-column h-column-container d-flex h-col-lg-auto h-col-md-auto h-col-auto style-896-outer style-local-589-c4-outer\">\n            <div data-colibri-id=\"589-c4\" class=\"d-flex h-flex-basis h-column__inner h-px-lg-2 h-px-md-2 h-px-2 v-inner-lg-2 v-inner-md-2 v-inner-2 style-896 style-local-589-c4 position-relative\">\n              <div class=\"background-wrapper\">\n                <div class=\"background-layer background-layer-media-container-lg\">\n                  <!---->\n                  <div class=\"overlay-layer\">\n                    <div class=\"overlay-image-layer\" style=\"background-color: rgb(239, 249, 235); opacity: 0.5;\"><\/div>\n                  <\/div>\n                <\/div>\n                <div class=\"background-layer background-layer-media-container-md\">\n                  <!---->\n                  <div class=\"overlay-layer\">\n                    <div class=\"overlay-image-layer\" style=\"background-color: rgb(239, 249, 235); opacity: 0.5;\"><\/div>\n                  <\/div>\n                <\/div>\n                <div class=\"background-layer background-layer-media-container\">\n                  <!---->\n                  <div class=\"overlay-layer\">\n                    <div class=\"overlay-image-layer\" style=\"background-color: rgb(239, 249, 235); opacity: 0.5;\"><\/div>\n                  <\/div>\n                <\/div>\n              <\/div>\n              <!---->\n              <div class=\"w-100 h-y-container h-column__content h-column__v-align flex-basis-100 align-self-lg-start align-self-md-start align-self-start\">\n                <!---->\n                <div data-colibri-id=\"589-c5\" class=\"h-text h-text-component style-898 style-local-589-c5 position-relative h-element\">\n                  <!---->\n                  <!---->\n                  <div class=\"\">\n                    <p><span style=\"font-weight: 400; color: rgb(0, 0, 0); font-size: medium;\">Liebe Interessenten,<\/span>\n                      <br><span style=\"font-weight: 400; color: rgb(0, 0, 0); font-size: medium;\">bitte beachten Sie, dass unser Bistro und die dazugeh\u00f6rigen Freifl\u00e4chen ausschlie\u00dflich in Verbindung mit unserem Equipment und Servicepersonal gebucht werden k\u00f6nnen. Eine Ausnahme gilt f\u00fcr Firmenveranstaltungen, die tags\u00fcber ohne gastronomischen Bedarf auskommen. Bei Fragen erreichen Sie uns gern telefonisch oder per E-Mail.<\/span><\/p>\n                  <\/div>\n                <\/div>\n              <\/div>\n            <\/div>\n          <\/div>\n        <\/div>\n      <\/div>\n      <div data-colibri-id=\"589-c6\" class=\"h-row-container gutters-row-lg-2 gutters-row-md-2 gutters-row-2 gutters-row-v-lg-2 gutters-row-v-md-2 gutters-row-v-2 style-484 style-local-589-c6 position-relative\">\n        <!---->\n        <div class=\"h-row justify-content-lg-center justify-content-md-center justify-content-center align-items-lg-stretch align-items-md-stretch align-items-stretch gutters-col-lg-2 gutters-col-md-2 gutters-col-2 gutters-col-v-lg-2 gutters-col-v-md-2 gutters-col-v-2\">\n          <!---->\n          <div class=\"h-column h-column-container d-flex h-col-lg-auto h-col-md-auto h-col-auto style-485-outer style-local-589-c7-outer\">\n            <div data-colibri-id=\"589-c7\" class=\"d-flex h-flex-basis h-column__inner h-px-lg-0 h-px-md-0 h-px-0 v-inner-lg-0 v-inner-md-0 v-inner-0 style-485 style-local-589-c7 position-relative\">\n              <!---->\n              <!---->\n              <div class=\"w-100 h-y-container h-column__content h-column__v-align flex-basis-100 align-self-lg-start align-self-md-start align-self-start\">\n                <!---->\n                <div data-colibri-id=\"589-c8\" class=\"h-row-container gutters-row-lg-0 gutters-row-md-0 gutters-row-0 gutters-row-v-lg-0 gutters-row-v-md-0 gutters-row-v-0 style-486 style-local-589-c8 position-relative\">\n                  <!---->\n                  <div class=\"h-row justify-content-lg-center justify-content-md-center justify-content-center align-items-lg-stretch align-items-md-stretch align-items-stretch gutters-col-lg-0 gutters-col-md-0 gutters-col-0 gutters-col-v-lg-0 gutters-col-v-md-0 gutters-col-v-0\">\n                    <!---->\n                    <div class=\"h-column h-column-container d-flex h-col-lg-auto h-col-md-auto h-col-auto style-487-outer style-local-589-c9-outer\">\n                      <div data-colibri-id=\"589-c9\" class=\"d-flex h-flex-basis h-column__inner h-px-lg-0 h-px-md-0 h-px-0 v-inner-lg-0 v-inner-md-0 v-inner-0 style-487 style-local-589-c9 position-relative\">\n                        <!---->\n                        <!---->\n                        <div class=\"w-100 h-y-container h-column__content h-column__v-align flex-basis-100 align-self-lg-start align-self-md-start align-self-start\">\n                          <!---->\n                          <div data-colibri-id=\"589-c10\" class=\"h-icon style-489 style-local-589-c10 position-relative h-element\">\n                            <!----><span class=\"h-svg-icon h-icon__icon style-489-icon style-local-589-c10-icon\"><!--Icon by Linea (http:\/\/linea.io)--><svg version=\"1.1\" id=\"Layer_1\" xmlns=\"http:\/\/www.w3.org\/2000\/svg\" xmlns:xlink=\"http:\/\/www.w3.org\/1999\/xlink\" x=\"0px\" y=\"0px\" viewBox=\"0 0 64 64\" enable-background=\"new 0 0 64 64\" xml:space=\"preserve\">\n<g>\n\t<rect x=\"36\" y=\"8\" width=\"9\" height=\"2\"><\/rect>\n\t<rect x=\"19\" y=\"16\" width=\"26\" height=\"2\"><\/rect>\n\t<rect x=\"19\" y=\"24\" width=\"26\" height=\"2\"><\/rect>\n\t<path d=\"M54,0H10v21.142L0,25.335V64h64V25.335l-10-4.193V0z M52,2v29.716L32,44.253L12,31.716V2H52z M10,30.462l-6.835-4.285\n\t\tL10,23.311V30.462z M2,62V27.807l30,18.807l30-18.807V62H2z M60.835,26.177L54,30.462v-7.151L60.835,26.177z\"><\/path>\n<\/g>\n<\/svg>\n<\/span><\/div>\n                          <div data-colibri-id=\"589-c11\" class=\"h-global-transition-all h-heading style-490 style-local-589-c11 position-relative h-element\">\n                            <!---->\n                            <div class=\"h-heading__outer style-490 style-local-589-c11\">\n                              <!---->\n                              <!---->\n                              <h2 class=\"\"><span style=\"font-size: 90%;\">Hier k\u00f6nnen Sie uns Ihre Anfrage senden. Bei Eingabe der entsprechenden Anforderung sehen Sie unmittelbar die entstehenden Kosten, \u00fcber die je nach Inanspruchnahme  verhandelt werden k\u00f6nnen.<\/span><\/h2>\n                            <\/div>\n                          <\/div>\n                        <\/div>\n                      <\/div>\n                    <\/div>\n                    <div class=\"h-column h-column-container d-flex h-col-lg-auto h-col-md-auto h-col-auto style-492-outer style-local-589-c12-outer\">\n                      <div data-colibri-id=\"589-c12\" class=\"d-flex h-flex-basis h-column__inner h-px-lg-0 h-px-md-0 h-px-0 v-inner-lg-0 v-inner-md-0 v-inner-0 style-492 style-local-589-c12 position-relative\">\n                        <!---->\n                        <!---->\n                        <div class=\"w-100 h-y-container h-column__content h-column__v-align flex-basis-100 align-self-lg-center align-self-md-center align-self-center\">\n                          <!---->\n                          <div data-colibri-id=\"589-c13\" class=\"h-contact-form__outer--forminator style-493 style-local-589-c13 position-relative h-element\">\n                            <!---->\n                            <div class=\"h-global-transition-all h-global-transition h-global-transition-all h-contact-form-shortcode\"><form id=\"forminator-module-588\" class=\"forminator-custom-form forminator-custom-form-588\" method=\"post\" data-forminator-render=\"0\" data-uid=\"6a04667fb8326\"><div role=\"alert\" aria-live=\"polite\" class=\"forminator-response-message forminator-error\" aria-hidden=\"true\"><\/div><\/form><\/div>\n                          <\/div>\n                        <\/div>\n                      <\/div>\n                    <\/div>\n                  <\/div>\n                <\/div>\n              <\/div>\n            <\/div>\n          <\/div>\n        <\/div>\n      <\/div>\n    <\/div>\n  <\/div>\n<\/div>","protected":false},"excerpt":{"rendered":"<p>Liebe Interessenten, bitte beachten Sie, dass unser Bistro und die dazugeh\u00f6rigen Freifl\u00e4chen ausschlie\u00dflich in Verbindung mit unserem Equipment und Servicepersonal gebucht werden k\u00f6nnen. Eine Ausnahme gilt f\u00fcr Firmenveranstaltungen, die tags\u00fcber ohne gastronomischen Bedarf auskommen. Bei Fragen erreichen Sie uns gern telefonisch oder per E-Mail. Hier k\u00f6nnen Sie uns Ihre Anfrage senden. Bei Eingabe der entsprechenden [&hellip;]<\/p>\n","protected":false},"author":1,"featured_media":0,"parent":0,"menu_order":0,"comment_status":"closed","ping_status":"closed","template":"page-templates\/full-width-page.php","meta":{"footnotes":""},"class_list":["post-589","page","type-page","status-publish","hentry"],"_links":{"self":[{"href":"https:\/\/riverboat-bistro.de\/index.php?rest_route=\/wp\/v2\/pages\/589","targetHints":{"allow":["GET"]}}],"collection":[{"href":"https:\/\/riverboat-bistro.de\/index.php?rest_route=\/wp\/v2\/pages"}],"about":[{"href":"https:\/\/riverboat-bistro.de\/index.php?rest_route=\/wp\/v2\/types\/page"}],"author":[{"embeddable":true,"href":"https:\/\/riverboat-bistro.de\/index.php?rest_route=\/wp\/v2\/users\/1"}],"replies":[{"embeddable":true,"href":"https:\/\/riverboat-bistro.de\/index.php?rest_route=%2Fwp%2Fv2%2Fcomments&post=589"}],"version-history":[{"count":16,"href":"https:\/\/riverboat-bistro.de\/index.php?rest_route=\/wp\/v2\/pages\/589\/revisions"}],"predecessor-version":[{"id":3010,"href":"https:\/\/riverboat-bistro.de\/index.php?rest_route=\/wp\/v2\/pages\/589\/revisions\/3010"}],"wp:attachment":[{"href":"https:\/\/riverboat-bistro.de\/index.php?rest_route=%2Fwp%2Fv2%2Fmedia&parent=589"}],"curies":[{"name":"wp","href":"https:\/\/api.w.org\/{rel}","templated":true}]}}