{"id":394,"date":"2025-02-06T11:37:45","date_gmt":"2025-02-06T10:37:45","guid":{"rendered":"https:\/\/riverboat-bistro.de\/?page_id=394"},"modified":"2026-03-09T15:07:31","modified_gmt":"2026-03-09T14:07:31","slug":"garten-3","status":"publish","type":"page","link":"https:\/\/riverboat-bistro.de\/?page_id=394","title":{"rendered":"Garten"},"content":{"rendered":"<div data-colibri-id=\"394-c1\" class=\"style-411 style-local-394-c1 position-relative\">\n  <!---->\n  <div data-colibri-component=\"section\" data-colibri-id=\"394-c2\" data-aos=\"fadeInLeft\" id=\"about\" class=\"h-section h-section-global-spacing d-flex align-items-lg-center align-items-md-center align-items-center style-421 style-local-394-c2 position-relative\">\n    <!---->\n    <!---->\n    <div class=\"h-section-grid-container h-section-boxed-container\">\n      <!---->\n      <div data-colibri-id=\"394-c3\" class=\"h-row-container gutters-row-lg-2 gutters-row-md-2 gutters-row-2 gutters-row-v-lg-2 gutters-row-v-md-2 gutters-row-v-2 style-422 style-local-394-c3 position-relative\">\n        <!---->\n        <div class=\"h-row justify-content-lg-center justify-content-md-center justify-content-center align-items-lg-stretch align-items-md-stretch align-items-stretch gutters-col-lg-2 gutters-col-md-2 gutters-col-2 gutters-col-v-lg-2 gutters-col-v-md-2 gutters-col-v-2\">\n          <!---->\n          <div class=\"h-column h-column-container d-flex h-col-lg-auto h-col-md-auto h-col-auto style-429-outer style-local-394-c4-outer\">\n            <div data-colibri-id=\"394-c4\" class=\"d-flex h-flex-basis h-column__inner h-px-lg-2 h-px-md-2 h-px-2 v-inner-lg-2 v-inner-md-2 v-inner-2 style-429 style-local-394-c4 position-relative\">\n              <!---->\n              <!---->\n              <div class=\"w-100 h-y-container h-column__content h-column__v-align flex-basis-100 align-self-lg-center align-self-md-center align-self-center\">\n                <!---->\n                <div data-colibri-id=\"394-c5\" class=\"d-block style-430 style-local-394-c5 position-relative h-element\">\n                  <!---->\n                  <div class=\"h-image__frame-container-outer\">\n                    <div class=\"h-image__frame-container\">\n                      <!---->\n                      <!---->\n                      <img loading=\"lazy\" decoding=\"async\" width=\"710\" height=\"710\" src=\"https:\/\/riverboat-bistro.de\/wp-content\/uploads\/2025\/04\/cropped-Garten.jpg\" class=\"wp-image-1996 style-430-image style-local-394-c5-image\" alt=\"\" srcset=\"https:\/\/riverboat-bistro.de\/wp-content\/uploads\/2025\/04\/cropped-Garten.jpg 710w, https:\/\/riverboat-bistro.de\/wp-content\/uploads\/2025\/04\/cropped-Garten-300x300.jpg 300w, https:\/\/riverboat-bistro.de\/wp-content\/uploads\/2025\/04\/cropped-Garten-150x150.jpg 150w\" sizes=\"auto, (max-width: 710px) 100vw, 710px\" \/>\n                      <div class=\"h-image__frame h-hide-sm style-430-frameImage style-local-394-c5-frameImage\"><\/div>\n                    <\/div>\n                  <\/div>\n                <\/div>\n              <\/div>\n            <\/div>\n          <\/div>\n          <div class=\"h-column h-column-container d-flex h-col-lg-auto h-col-md-auto h-col-auto style-423-outer style-local-394-c6-outer\">\n            <div data-colibri-id=\"394-c6\" class=\"d-flex h-flex-basis h-column__inner h-px-lg-2 h-px-md-2 h-px-2 v-inner-lg-2 v-inner-md-2 v-inner-2 style-423 style-local-394-c6 position-relative\">\n              <!---->\n              <!---->\n              <div class=\"w-100 h-y-container h-column__content h-column__v-align flex-basis-100 align-self-lg-center align-self-md-center align-self-center\">\n                <!---->\n                <div data-colibri-id=\"394-c7\" class=\"h-global-transition-all h-heading style-424 style-local-394-c7 position-relative h-element\">\n                  <!---->\n                  <div class=\"h-heading__outer style-424 style-local-394-c7\">\n                    <!---->\n                    <!---->\n                    <h5 class=\"\">Der Garten am Bistro<\/h5>\n                  <\/div>\n                <\/div>\n                <div data-colibri-id=\"394-c8\" class=\"h-global-transition-all h-heading style-425 style-local-394-c8 position-relative h-element\">\n                  <!---->\n                  <div class=\"h-heading__outer style-425 style-local-394-c8\">\n                    <!---->\n                    <!---->\n                    <h2 class=\"\">Ein&nbsp;<em style=\"font-family: &quot;Playfair Display&quot;; color: rgb(247, 144, 7);\">schattiges<\/em> Pl\u00e4tzchen zum <em style=\"font-family: &quot;Playfair Display&quot;; color: rgb(247, 144, 7);\"><span data-animation-duration=\"2\" data-type-animation=\"rotate-3\" data-colibri-component=\"fancy-title\"><span class=\"ah-headline rotate-3\"><span style=\"position: relative\" class=\"ah-words-wrapper\"><b class=\"is-visible\">Entspannen<\/b><b>Verweilen<\/b><b>Unterhalten<\/b><b>Genie\u00dfen<\/b><\/span><\/span><\/span><\/em><\/h2>\n                  <\/div>\n                <\/div>\n                <div data-colibri-id=\"394-c9\" class=\"h-text h-text-component style-426 style-local-394-c9 position-relative h-element\">\n                  <!---->\n                  <!---->\n                  <div class=\"\">\n                    <p>Seit 2025 l\u00e4dt Sie unser Garten ein, den Sie direkt von der Erich-Zeigner-Allee aus sehen und erreichen. Von hier aus haben Sie auch Zugang zum Bistro. Durch das Bistro hindurch gelangen Sie in den Freisitz des Innenhofes und direkt\n                      zum Hafen.<\/p>\n                    <p>Hier genie\u00dfen Sie eine angenehme Mischung aus N\u00e4he zur \u201eAu\u00dfenwelt\u201c und einer gem\u00fctlichen, intimen Atmosph\u00e4re. <\/p>\n                    <p>Im Zugangsbereich zum Garten gibt es einige Pl\u00e4tze f\u00fcr Sonnenanbeter.<\/p>\n                  <\/div>\n                <\/div>\n                <div data-colibri-id=\"394-c10\" class=\"h-x-container style-427 style-local-394-c10 position-relative h-element\">\n                  <!---->\n                  <div class=\"h-x-container-inner style-dynamic-394-c10-group style-427-spacing style-local-394-c10-spacing\"><span class=\"h-button__outer style-428-outer style-local-394-c11-outer d-inline-flex h-element\"><a h-use-smooth-scroll=\"true\" href=\"https:\/\/riverboat-bistro.de\/?page_id=2164\"  data-colibri-id=\"394-c11\" class=\"d-flex w-100 align-items-center h-button justify-content-lg-center justify-content-md-center justify-content-center style-428 style-local-394-c11 position-relative\"><!----><!----> <span>Pl\u00e4tze reservieren<\/span><\/a>\n                    <\/span><span class=\"h-button__outer style-655-outer style-local-394-c12-outer d-inline-flex h-element\"><a h-use-smooth-scroll=\"true\" href=\"https:\/\/riverboat-bistro.de\/?page_id=2\"  data-colibri-id=\"394-c12\" class=\"d-flex w-100 align-items-center h-button justify-content-lg-center justify-content-md-center justify-content-center style-655 style-local-394-c12 position-relative\"><!----><!----> <span>Freisitz<\/span><\/a>\n                    <\/span><span class=\"h-button__outer style-655-outer style-local-394-c13-outer d-inline-flex h-element\"><a h-use-smooth-scroll=\"true\" href=\"https:\/\/riverboat-bistro.de\/?page_id=985\"  data-colibri-id=\"394-c13\" class=\"d-flex w-100 align-items-center h-button justify-content-lg-center justify-content-md-center justify-content-center style-655 style-local-394-c13 position-relative\"><!----><!----> <span>Bistro<\/span><\/a>\n                    <\/span>\n                  <\/div>\n                <\/div>\n              <\/div>\n            <\/div>\n          <\/div>\n        <\/div>\n      <\/div>\n    <\/div>\n  <\/div>\n<\/div>","protected":false},"excerpt":{"rendered":"<p>Der Garten am Bistro Ein&nbsp;schattiges Pl\u00e4tzchen zum EntspannenVerweilenUnterhaltenGenie\u00dfen Seit 2025 l\u00e4dt Sie unser Garten ein, den Sie direkt von der Erich-Zeigner-Allee aus sehen und erreichen. Von hier aus haben Sie auch Zugang zum Bistro. Durch das Bistro hindurch gelangen Sie in den Freisitz des Innenhofes und direkt zum Hafen. Hier genie\u00dfen Sie eine angenehme Mischung [&hellip;]<\/p>\n","protected":false},"author":1,"featured_media":0,"parent":0,"menu_order":0,"comment_status":"closed","ping_status":"closed","template":"page-templates\/full-width-page.php","meta":{"footnotes":""},"class_list":["post-394","page","type-page","status-publish","hentry"],"_links":{"self":[{"href":"https:\/\/riverboat-bistro.de\/index.php?rest_route=\/wp\/v2\/pages\/394","targetHints":{"allow":["GET"]}}],"collection":[{"href":"https:\/\/riverboat-bistro.de\/index.php?rest_route=\/wp\/v2\/pages"}],"about":[{"href":"https:\/\/riverboat-bistro.de\/index.php?rest_route=\/wp\/v2\/types\/page"}],"author":[{"embeddable":true,"href":"https:\/\/riverboat-bistro.de\/index.php?rest_route=\/wp\/v2\/users\/1"}],"replies":[{"embeddable":true,"href":"https:\/\/riverboat-bistro.de\/index.php?rest_route=%2Fwp%2Fv2%2Fcomments&post=394"}],"version-history":[{"count":20,"href":"https:\/\/riverboat-bistro.de\/index.php?rest_route=\/wp\/v2\/pages\/394\/revisions"}],"predecessor-version":[{"id":3977,"href":"https:\/\/riverboat-bistro.de\/index.php?rest_route=\/wp\/v2\/pages\/394\/revisions\/3977"}],"wp:attachment":[{"href":"https:\/\/riverboat-bistro.de\/index.php?rest_route=%2Fwp%2Fv2%2Fmedia&parent=394"}],"curies":[{"name":"wp","href":"https:\/\/api.w.org\/{rel}","templated":true}]}}