{"id":3808,"date":"2026-02-05T12:15:13","date_gmt":"2026-02-05T11:15:13","guid":{"rendered":"https:\/\/riverboat-bistro.de\/?page_id=3808"},"modified":"2026-03-18T16:19:28","modified_gmt":"2026-03-18T15:19:28","slug":"buchung-menue-2","status":"publish","type":"page","link":"https:\/\/riverboat-bistro.de\/?page_id=3808","title":{"rendered":"Buchung Men\u00fc Silvester"},"content":{"rendered":"<div data-colibri-id=\"3808-c1\" class=\"style-1337 style-local-3808-c1 position-relative\">\n  <!---->\n  <div data-colibri-component=\"section\" data-colibri-id=\"3808-c2\" id=\"contact\" class=\"h-section h-section-global-spacing d-flex align-items-lg-center align-items-md-center align-items-center style-1338 style-local-3808-c2 position-relative\">\n    <div class=\"background-wrapper\">\n      <div class=\"background-layer background-layer-media-container-lg\">\n        <!---->\n        <div class=\"overlay-layer\">\n          <div class=\"overlay-image-layer\" style=\"background-color: rgb(239, 249, 235); opacity: 0.5;\"><\/div>\n        <\/div>\n      <\/div>\n      <div class=\"background-layer background-layer-media-container-md\">\n        <!---->\n        <div class=\"overlay-layer\">\n          <div class=\"overlay-image-layer\" style=\"background-color: rgb(239, 249, 235); opacity: 0.5;\"><\/div>\n        <\/div>\n      <\/div>\n      <div class=\"background-layer background-layer-media-container\">\n        <!---->\n        <div class=\"overlay-layer\">\n          <div class=\"overlay-image-layer\" style=\"background-color: rgb(239, 249, 235); opacity: 0.5;\"><\/div>\n        <\/div>\n      <\/div>\n    <\/div>\n    <!---->\n    <div class=\"h-section-grid-container h-section-boxed-container\">\n      <!---->\n      <div data-colibri-id=\"3808-c3\" class=\"h-row-container gutters-row-lg-2 gutters-row-md-2 gutters-row-2 gutters-row-v-lg-2 gutters-row-v-md-2 gutters-row-v-2 style-1339 style-local-3808-c3 position-relative\">\n        <!---->\n        <div class=\"h-row justify-content-lg-center justify-content-md-center justify-content-center align-items-lg-stretch align-items-md-stretch align-items-stretch gutters-col-lg-2 gutters-col-md-2 gutters-col-2 gutters-col-v-lg-2 gutters-col-v-md-2 gutters-col-v-2\">\n          <!---->\n          <div class=\"h-column h-column-container d-flex h-col-lg-auto h-col-md-auto h-col-auto style-1340-outer style-local-3808-c4-outer\">\n            <div data-colibri-id=\"3808-c4\" class=\"d-flex h-flex-basis h-column__inner h-px-lg-0 h-px-md-0 h-px-0 v-inner-lg-0 v-inner-md-0 v-inner-0 style-1340 style-local-3808-c4 position-relative\">\n              <!---->\n              <!---->\n              <div class=\"w-100 h-y-container h-column__content h-column__v-align flex-basis-100 align-self-lg-start align-self-md-start align-self-start\">\n                <!---->\n                <div data-colibri-id=\"3808-c5\" class=\"h-row-container gutters-row-lg-0 gutters-row-md-0 gutters-row-0 gutters-row-v-lg-0 gutters-row-v-md-0 gutters-row-v-0 style-1341 style-local-3808-c5 position-relative\">\n                  <!---->\n                  <div class=\"h-row justify-content-lg-center justify-content-md-center justify-content-center align-items-lg-stretch align-items-md-stretch align-items-stretch gutters-col-lg-0 gutters-col-md-0 gutters-col-0 gutters-col-v-lg-0 gutters-col-v-md-0 gutters-col-v-0\">\n                    <!---->\n                    <div class=\"h-column h-column-container d-flex h-col-lg-auto h-col-md-auto h-col-auto style-1342-outer style-local-3808-c6-outer\">\n                      <div data-colibri-id=\"3808-c6\" class=\"d-flex h-flex-basis h-column__inner h-px-lg-0 h-px-md-0 h-px-0 v-inner-lg-0 v-inner-md-0 v-inner-0 style-1342 style-local-3808-c6 position-relative\">\n                        <!---->\n                        <!---->\n                        <div class=\"w-100 h-y-container h-column__content h-column__v-align flex-basis-100 align-self-lg-center align-self-md-center align-self-center\">\n                          <!---->\n                          <div data-colibri-id=\"3808-c7\" class=\"h-global-transition-all h-heading style-1343 style-local-3808-c7 position-relative h-element\">\n                            <!---->\n                            <div class=\"h-heading__outer style-1343 style-local-3808-c7\">\n                              <!---->\n                              <!---->\n                              <h4 class=\"\">Buchung Men\u00fc Silvester<\/h4>\n                            <\/div>\n                          <\/div>\n                          <div data-colibri-id=\"3808-c8\" class=\"h-global-transition-all h-heading style-1344 style-local-3808-c8 position-relative h-element\">\n                            <!---->\n                            <div class=\"h-heading__outer style-1344 style-local-3808-c8\">\n                              <!---->\n                              <!---->\n                              <h4 class=\"\">Hier k\u00f6nnen Sie bequem das 4-G\u00e4nge-Men\u00fc f\u00fcr Silvester 2026 in unserem Bistro buchen &#8211; auch ohne Ticket zur Silvester Gala.\n                                <br>Wir akzeptieren Kreditkarte, Paypal und \u00dcberweisung. Alternativ reservieren Sie Ihre Pl\u00e4tze direkt im Office am Riverboat per E-Mail oder pers\u00f6nlich nach telefonischer Anmeldung.<\/h4>\n                            <\/div>\n                          <\/div>\n                          <div data-colibri-id=\"3808-c9\" class=\"h-x-container style-1345 style-local-3808-c9 position-relative h-element\">\n                            <!---->\n                            <div class=\"h-x-container-inner style-dynamic-3808-c9-group style-1345-spacing style-local-3808-c9-spacing\"><span class=\"h-button__outer style-1346-outer style-local-3808-c10-outer d-inline-flex h-element\"><a h-use-smooth-scroll=\"true\" href=\"https:\/\/riverboat-bistro.de\/?page_id=2695\"  data-colibri-id=\"3808-c10\" class=\"d-flex w-100 align-items-center h-button justify-content-lg-center justify-content-md-center justify-content-center style-1346 style-local-3808-c10 position-relative\"><!----><!----> <span>Details zum Men\u00fc<\/span><\/a>\n                              <\/span>\n                            <\/div>\n                          <\/div>\n                          <div data-colibri-id=\"3808-c11\" class=\"h-icon style-1347 style-local-3808-c11 position-relative h-element\">\n                            <!---->\n                            <a href=\"https:\/\/riverboat-bistro.de\/?page_id=2695\" h-use-smooth-scroll=\"true\"><span class=\"h-svg-icon h-icon__icon style-1347-icon style-local-3808-c11-icon\"><!--Icon by Material Icons (https:\/\/material.io)--><svg version=\"1.1\" xmlns=\"http:\/\/www.w3.org\/2000\/svg\" xmlns:xlink=\"http:\/\/www.w3.org\/1999\/xlink\" id=\"restaurant_menu\" viewBox=\"0 0 512 512\"><path d=\"M317 246l-31 31 147 147-30 30-147-147-147 147-30-30 208-208q-12-24-3.5-56t33.5-57q31-31 69-35.5T447 86q23 23 18.5 61.5T430 217q-25 25-57 33t-56-4zm-144 39l-90-90q-25-25-25-60t25-60l150 149-60 61z\"><\/path><\/svg><\/span><\/a>\n                          <\/div>\n                          <div data-colibri-id=\"3808-c12\" class=\"h-global-transition-all h-heading style-1348 style-local-3808-c12 position-relative h-element\">\n                            <!---->\n                            <div class=\"h-heading__outer style-1348 style-local-3808-c12\">\n                              <!---->\n                              <!---->\n                              <h5 class=\"\">Wir freuen uns auf Sie.<\/h5>\n                            <\/div>\n                          <\/div>\n                        <\/div>\n                      <\/div>\n                    <\/div>\n                    <div class=\"h-column h-column-container d-flex h-col-lg-auto h-col-md-auto h-col-auto style-1349-outer style-local-3808-c13-outer\">\n                      <div data-colibri-id=\"3808-c13\" class=\"d-flex h-flex-basis h-column__inner h-px-lg-0 h-px-md-0 h-px-0 v-inner-lg-0 v-inner-md-0 v-inner-0 style-1349 style-local-3808-c13 position-relative\">\n                        <!---->\n                        <!---->\n                        <div class=\"w-100 h-y-container h-column__content h-column__v-align flex-basis-100 align-self-lg-center align-self-md-center align-self-center\">\n                          <!---->\n                          <div data-colibri-id=\"3808-c14\" class=\"h-contact-form__outer--forminator style-1350 style-local-3808-c14 position-relative h-element\">\n                            <!---->\n                            <div class=\"h-global-transition-all h-global-transition h-global-transition-all h-contact-form-shortcode\"><form id=\"forminator-module-3807\" class=\"forminator-custom-form forminator-custom-form-3807\" method=\"post\" data-forminator-render=\"0\" data-uid=\"6a039d81262e8\"><div role=\"alert\" aria-live=\"polite\" class=\"forminator-response-message forminator-error\" aria-hidden=\"true\"><\/div><\/form><\/div>\n                          <\/div>\n                        <\/div>\n                      <\/div>\n                    <\/div>\n                  <\/div>\n                <\/div>\n              <\/div>\n            <\/div>\n          <\/div>\n        <\/div>\n      <\/div>\n    <\/div>\n  <\/div>\n<\/div>","protected":false},"excerpt":{"rendered":"<p>Buchung Men\u00fc Silvester Hier k\u00f6nnen Sie bequem das 4-G\u00e4nge-Men\u00fc f\u00fcr Silvester 2026 in unserem Bistro buchen &#8211; auch ohne Ticket zur Silvester Gala. Wir akzeptieren Kreditkarte, Paypal und \u00dcberweisung. Alternativ reservieren Sie Ihre Pl\u00e4tze direkt im Office am Riverboat per E-Mail oder pers\u00f6nlich nach telefonischer Anmeldung. Details zum Men\u00fc Wir freuen uns auf Sie.<\/p>\n","protected":false},"author":1,"featured_media":0,"parent":0,"menu_order":0,"comment_status":"closed","ping_status":"closed","template":"page-templates\/full-width-page.php","meta":{"footnotes":""},"class_list":["post-3808","page","type-page","status-publish","hentry"],"_links":{"self":[{"href":"https:\/\/riverboat-bistro.de\/index.php?rest_route=\/wp\/v2\/pages\/3808","targetHints":{"allow":["GET"]}}],"collection":[{"href":"https:\/\/riverboat-bistro.de\/index.php?rest_route=\/wp\/v2\/pages"}],"about":[{"href":"https:\/\/riverboat-bistro.de\/index.php?rest_route=\/wp\/v2\/types\/page"}],"author":[{"embeddable":true,"href":"https:\/\/riverboat-bistro.de\/index.php?rest_route=\/wp\/v2\/users\/1"}],"replies":[{"embeddable":true,"href":"https:\/\/riverboat-bistro.de\/index.php?rest_route=%2Fwp%2Fv2%2Fcomments&post=3808"}],"version-history":[{"count":5,"href":"https:\/\/riverboat-bistro.de\/index.php?rest_route=\/wp\/v2\/pages\/3808\/revisions"}],"predecessor-version":[{"id":4048,"href":"https:\/\/riverboat-bistro.de\/index.php?rest_route=\/wp\/v2\/pages\/3808\/revisions\/4048"}],"wp:attachment":[{"href":"https:\/\/riverboat-bistro.de\/index.php?rest_route=%2Fwp%2Fv2%2Fmedia&parent=3808"}],"curies":[{"name":"wp","href":"https:\/\/api.w.org\/{rel}","templated":true}]}}