{"id":3011,"date":"2025-08-29T09:35:57","date_gmt":"2025-08-29T07:35:57","guid":{"rendered":"https:\/\/riverboat-bistro.de\/?page_id=3011"},"modified":"2025-09-03T13:30:41","modified_gmt":"2025-09-03T11:30:41","slug":"gemuetlicher-raum-zum-feiern-und-fuer-meetings-in-leipzig-plagwitz","status":"publish","type":"page","link":"https:\/\/riverboat-bistro.de\/?page_id=3011","title":{"rendered":"Vermietung Bistro"},"content":{"rendered":"<div data-colibri-id=\"3011-c1\" class=\"style-1073 style-local-3011-c1 position-relative\">\n  <!---->\n  <div data-colibri-component=\"section\" data-colibri-id=\"3011-c2\" id=\"content\" class=\"h-section h-section-global-spacing d-flex align-items-lg-center align-items-md-center align-items-center style-1083 style-local-3011-c2 position-relative\">\n    <!---->\n    <!---->\n    <div class=\"h-section-grid-container h-section-boxed-container\">\n      <div data-colibri-id=\"3011-c24\" class=\"h-row-container gutters-row-lg-2 gutters-row-md-2 gutters-row-2 gutters-row-v-lg-2 gutters-row-v-md-2 gutters-row-v-2 style-1095 style-local-3011-c24 position-relative\">\n        <!---->\n        <div class=\"h-row justify-content-lg-center justify-content-md-center justify-content-center align-items-lg-stretch align-items-md-stretch align-items-stretch gutters-col-lg-2 gutters-col-md-2 gutters-col-2 gutters-col-v-lg-2 gutters-col-v-md-2 gutters-col-v-2\">\n          <!---->\n          <div class=\"h-column h-column-container d-flex h-col-lg-auto h-col-md-auto h-col-auto style-1096-outer style-local-3011-c25-outer\">\n            <div data-colibri-id=\"3011-c25\" class=\"d-flex h-flex-basis h-column__inner h-px-lg-2 h-px-md-2 h-px-2 v-inner-lg-2 v-inner-md-2 v-inner-2 style-1096 style-local-3011-c25 position-relative\">\n              <!---->\n              <!---->\n              <div class=\"w-100 h-y-container h-column__content h-column__v-align flex-basis-100 align-self-lg-start align-self-md-start align-self-start\">\n                <!---->\n                <div data-colibri-id=\"3011-c26\" class=\"h-global-transition-all h-heading style-1097 style-local-3011-c26 position-relative h-element\">\n                  <!---->\n                  <div class=\"h-heading__outer style-1097 style-local-3011-c26\">\n                    <!---->\n                    <!---->\n                    <h1 class=\"\">Vermietung Bistro am Riverboat: Gem\u00fctlicher Raum f\u00fcr Feiern und Meetings bis 30 Personen<\/h1>\n                  <\/div>\n                <\/div>\n              <\/div>\n            <\/div>\n          <\/div>\n        <\/div>\n      <\/div>\n      <div data-colibri-id=\"3011-c3\" class=\"h-row-container gutters-row-lg-2 gutters-row-md-2 gutters-row-2 gutters-row-v-lg-2 gutters-row-v-md-2 gutters-row-v-2 style-1084 style-local-3011-c3 position-relative\">\n        <!---->\n        <div class=\"h-row justify-content-lg-center justify-content-md-center justify-content-center align-items-lg-stretch align-items-md-stretch align-items-stretch gutters-col-lg-2 gutters-col-md-2 gutters-col-2 gutters-col-v-lg-2 gutters-col-v-md-2 gutters-col-v-2\">\n          <!---->\n          <div data-aos=\"zoomIn\" class=\"h-column h-column-container d-flex h-col-lg-auto h-col-md-auto h-col-auto style-1085-outer style-local-3011-c4-outer\">\n            <div data-colibri-id=\"3011-c4\" class=\"d-flex h-flex-basis h-column__inner h-px-lg-0 h-px-md-0 h-px-0 v-inner-lg-0 v-inner-md-0 v-inner-0 style-1085 style-local-3011-c4 position-relative\">\n              <!---->\n              <!---->\n              <div class=\"w-100 h-y-container h-column__content h-column__v-align flex-basis-100 align-self-lg-start align-self-md-start align-self-start\">\n                <!---->\n                <div data-colibri-id=\"3011-c5\" class=\"h-row-container gutters-row-lg-2 gutters-row-md-2 gutters-row-2 gutters-row-v-lg-2 gutters-row-v-md-2 gutters-row-v-2 style-1086 style-local-3011-c5 position-relative\">\n                  <!---->\n                  <div class=\"h-row justify-content-lg-center justify-content-md-center justify-content-center align-items-lg-stretch align-items-md-stretch align-items-stretch gutters-col-lg-2 gutters-col-md-2 gutters-col-2 gutters-col-v-lg-2 gutters-col-v-md-2 gutters-col-v-2\">\n                    <!---->\n                    <div class=\"h-column h-column-container d-flex h-col-lg-auto h-col-md-auto h-col-auto style-1087-outer style-local-3011-c6-outer\">\n                      <div data-colibri-id=\"3011-c6\" class=\"d-flex h-flex-basis h-column__inner h-px-lg-0 h-px-md-0 h-px-0 v-inner-lg-0 v-inner-md-0 v-inner-0 style-1087 style-local-3011-c6 position-relative\">\n                        <!---->\n                        <!---->\n                        <div class=\"w-100 h-y-container h-column__content h-column__v-align flex-basis-100 align-self-lg-center align-self-md-center align-self-center\">\n                          <!---->\n                          <div data-colibri-id=\"3011-c7\" class=\"h-global-transition-all h-heading style-1088 style-local-3011-c7 position-relative h-element\">\n                            <!---->\n                            <div class=\"h-heading__outer style-1088 style-local-3011-c7\">\n                              <!---->\n                              <!---->\n                              <h4 class=\"\">Willkomen im Bistro am Riverboat<\/h4>\n                            <\/div>\n                          <\/div>\n                          <div data-colibri-id=\"3011-c8\" class=\"h-text h-text-component style-1089 style-local-3011-c8 position-relative h-element\">\n                            <!---->\n                            <!---->\n                            <div class=\"\">\n                              <p>Unseren liebevoll eingerichteten Raum mit angrenzender Lounge k\u00f6nnen Sie mieten f\u00fcr private Feiern, Geburtstage, Jubil\u00e4en oder entspannte Firmenmeetings.<\/p>\n                              <p>Mit Platz f\u00fcr bis zu 30 Personen, einem Terrassengarten und direkter Lage am Hafen bieten wir den perfekten Rahmen.<\/p>\n                              <p>Flexibilit\u00e4t bei Catering und pers\u00f6nliche Betreuung \u2013 f\u00fcr unvergessliche Momente in entspannter Atmosph\u00e4re.<\/p>\n                            <\/div>\n                          <\/div>\n                        <\/div>\n                      <\/div>\n                    <\/div>\n                    <div class=\"h-column h-column-container d-flex h-col-lg-auto h-col-md-auto h-col-auto style-1090-outer style-local-3011-c9-outer\">\n                      <div data-colibri-id=\"3011-c9\" class=\"d-flex h-flex-basis h-column__inner h-ui-empty-state-container h-px-lg-0 h-px-md-0 h-px-0 v-inner-lg-0 v-inner-md-0 v-inner-0 style-1090 style-local-3011-c9 position-relative\">\n                        <!---->\n                        <!---->\n                        <div class=\"w-100 h-y-container h-column__content h-column__v-align flex-basis-100\">\n                          <!---->\n                        <\/div>\n                      <\/div>\n                    <\/div>\n                  <\/div>\n                <\/div>\n                <div data-colibri-id=\"3011-c10\" class=\"h-row-container gutters-row-lg-2 gutters-row-md-2 gutters-row-2 gutters-row-v-lg-2 gutters-row-v-md-2 gutters-row-v-2 style-1086 style-local-3011-c10 position-relative\">\n                  <!---->\n                  <div class=\"h-row justify-content-lg-center justify-content-md-center justify-content-center align-items-lg-stretch align-items-md-stretch align-items-stretch gutters-col-lg-2 gutters-col-md-2 gutters-col-2 gutters-col-v-lg-2 gutters-col-v-md-2 gutters-col-v-2\">\n                    <!---->\n                    <div class=\"h-column h-column-container d-flex h-col-lg-auto h-col-md-auto h-col-auto style-1091-outer style-local-3011-c11-outer\">\n                      <div data-colibri-id=\"3011-c11\" class=\"d-flex h-flex-basis h-column__inner h-ui-empty-state-container h-px-lg-0 h-px-md-0 h-px-0 v-inner-lg-0 v-inner-md-0 v-inner-0 style-1091 style-local-3011-c11 position-relative\">\n                        <!---->\n                        <!---->\n                        <div class=\"w-100 h-y-container h-column__content h-column__v-align flex-basis-100\">\n                          <!---->\n                        <\/div>\n                      <\/div>\n                    <\/div>\n                    <div class=\"h-column h-column-container d-flex h-col-lg-auto h-col-md-auto h-col-auto style-1087-outer style-local-3011-c12-outer\">\n                      <div data-colibri-id=\"3011-c12\" class=\"d-flex h-flex-basis h-column__inner h-px-lg-0 h-px-md-0 h-px-0 v-inner-lg-0 v-inner-md-0 v-inner-0 style-1087 style-local-3011-c12 position-relative\">\n                        <!---->\n                        <!---->\n                        <div class=\"w-100 h-y-container h-column__content h-column__v-align flex-basis-100 align-self-lg-center align-self-md-center align-self-center\">\n                          <!---->\n                          <div data-colibri-id=\"3011-c13\" class=\"h-global-transition-all h-heading style-1088 style-local-3011-c13 position-relative h-element\">\n                            <!---->\n                            <div class=\"h-heading__outer style-1088 style-local-3011-c13\">\n                              <!---->\n                              <!---->\n                              <h4 class=\"\">Unser Angebot<\/h4>\n                            <\/div>\n                          <\/div>\n                          <div data-colibri-id=\"3011-c14\" class=\"h-text h-text-component style-1092 style-local-3011-c14 position-relative h-element\">\n                            <!---->\n                            <!---->\n                            <div class=\"\">\n                              <p><em>Gem\u00fctlicher Innenraum:<\/em> Einladend mit angrenzender kleiner Lounge f\u00fcr entspannte Gespr\u00e4che.<\/p>\n                              <p><em>Terrassengarten:<\/em> Outdoor-Bereich f\u00fcr sommerliche Events &#8211; perfekt f\u00fcr Pausen und Empf\u00e4nge.<\/p>\n                              <p><em>Parkpl\u00e4tze und Lage:<\/em> Ausreichend Parkm\u00f6glichkeiten vor Ort und direkter Zugang zum Hafen am Karl-Heine-Kanal mit der M\u00f6glichkeit von Bootstouren.<\/p>\n                            <\/div>\n                          <\/div>\n                        <\/div>\n                      <\/div>\n                    <\/div>\n                  <\/div>\n                <\/div>\n                <div data-colibri-id=\"3011-c15\" class=\"h-row-container gutters-row-lg-2 gutters-row-md-2 gutters-row-2 gutters-row-v-lg-2 gutters-row-v-md-2 gutters-row-v-2 style-1086 style-local-3011-c15 position-relative\">\n                  <!---->\n                  <div class=\"h-row justify-content-lg-center justify-content-md-center justify-content-center align-items-lg-stretch align-items-md-stretch align-items-stretch gutters-col-lg-2 gutters-col-md-2 gutters-col-2 gutters-col-v-lg-2 gutters-col-v-md-2 gutters-col-v-2\">\n                    <!---->\n                    <div class=\"h-column h-column-container d-flex h-col-lg-auto h-col-md-auto h-col-auto style-1087-outer style-local-3011-c16-outer\">\n                      <div data-colibri-id=\"3011-c16\" class=\"d-flex h-flex-basis h-column__inner h-px-lg-0 h-px-md-0 h-px-0 v-inner-lg-0 v-inner-md-0 v-inner-0 style-1087 style-local-3011-c16 position-relative\">\n                        <!---->\n                        <!---->\n                        <div class=\"w-100 h-y-container h-column__content h-column__v-align flex-basis-100 align-self-lg-center align-self-md-center align-self-center\">\n                          <!---->\n                          <div data-colibri-id=\"3011-c17\" class=\"h-global-transition-all h-heading style-1088 style-local-3011-c17 position-relative h-element\">\n                            <!---->\n                            <div class=\"h-heading__outer style-1088 style-local-3011-c17\">\n                              <!---->\n                              <!---->\n                              <h4 class=\"\">Catering und Versorgung<\/h4>\n                            <\/div>\n                          <\/div>\n                          <div data-colibri-id=\"3011-c18\" class=\"h-text h-text-component style-1093 style-local-3011-c18 position-relative h-element\">\n                            <!---->\n                            <!---->\n                            <div class=\"\">\n                              <p><em>\u00dcber uns gebucht<\/em>: Speisen aus unserem hauseigenen Angebot (teils aus eigenem Anbau), schmackhafte Winzerweine.<\/p>\n                              <p><em>Extern oder selbst:<\/em> Catering \u00fcber externe Anbietern oder teilweise Eigenversorgung m\u00f6glich.<\/p>\n                              <p><em>Wichtig:<\/em> Personal und Equipment (Geschirr, Besteck, Gl\u00e4ser usw.) m\u00fcssen bei uns gebucht werden, angepasst an die Teilnehmerzahl.<\/p>\n                            <\/div>\n                          <\/div>\n                        <\/div>\n                      <\/div>\n                    <\/div>\n                    <div class=\"h-column h-column-container d-flex h-col-lg-auto h-col-md-auto h-col-auto style-1094-outer style-local-3011-c19-outer\">\n                      <div data-colibri-id=\"3011-c19\" class=\"d-flex h-flex-basis h-column__inner h-ui-empty-state-container h-px-lg-0 h-px-md-0 h-px-0 v-inner-lg-0 v-inner-md-0 v-inner-0 style-1094 style-local-3011-c19 position-relative\">\n                        <!---->\n                        <!---->\n                        <div class=\"w-100 h-y-container h-column__content h-column__v-align flex-basis-100\">\n                          <!---->\n                        <\/div>\n                      <\/div>\n                    <\/div>\n                  <\/div>\n                <\/div>\n              <\/div>\n            <\/div>\n          <\/div>\n        <\/div>\n      <\/div>\n      <div data-colibri-id=\"3011-c20\" class=\"h-row-container gutters-row-lg-2 gutters-row-md-2 gutters-row-0 gutters-row-v-lg-2 gutters-row-v-md-2 gutters-row-v-2 style-1241 style-local-3011-c20 position-relative\">\n        <!---->\n        <div class=\"h-row justify-content-lg-center justify-content-md-center justify-content-center align-items-lg-stretch align-items-md-stretch align-items-stretch gutters-col-lg-2 gutters-col-md-2 gutters-col-0 gutters-col-v-lg-2 gutters-col-v-md-2 gutters-col-v-2\">\n          <!---->\n          <div class=\"h-column h-column-container d-flex h-col-lg-auto h-col-md-auto h-col-auto style-1242-outer style-local-3011-c21-outer\">\n            <div data-colibri-id=\"3011-c21\" class=\"d-flex h-flex-basis h-column__inner h-px-lg-2 h-px-md-2 h-px-2 v-inner-lg-2 v-inner-md-2 v-inner-2 style-1242 style-local-3011-c21 position-relative\">\n              <!---->\n              <!---->\n              <div class=\"w-100 h-y-container h-column__content h-column__v-align flex-basis-100 align-self-lg-start align-self-md-start align-self-start\">\n                <!---->\n                <div data-colibri-id=\"3011-c22\" class=\"h-x-container style-1243 style-local-3011-c22 position-relative h-element\">\n                  <!---->\n                  <div class=\"h-x-container-inner style-dynamic-3011-c22-group style-1243-spacing style-local-3011-c22-spacing\"><span class=\"h-button__outer style-1244-outer style-local-3011-c23-outer d-inline-flex h-element\"><a h-use-smooth-scroll=\"true\" href=\"https:\/\/riverboat-bistro.de\/?page_id=3197\"  data-colibri-id=\"3011-c23\" class=\"d-flex w-100 align-items-center h-button justify-content-lg-center justify-content-md-center justify-content-center style-1244 style-local-3011-c23 position-relative\"><!----><!----> <span>Konditionen<\/span><\/a>\n                    <\/span>\n                  <\/div>\n                <\/div>\n              <\/div>\n            <\/div>\n          <\/div>\n        <\/div>\n      <\/div>\n    <\/div>\n  <\/div>\n<\/div>","protected":false},"excerpt":{"rendered":"<p>Vermietung Bistro am Riverboat: Gem\u00fctlicher Raum f\u00fcr Feiern und Meetings bis 30 Personen Willkomen im Bistro am Riverboat Unseren liebevoll eingerichteten Raum mit angrenzender Lounge k\u00f6nnen Sie mieten f\u00fcr private Feiern, Geburtstage, Jubil\u00e4en oder entspannte Firmenmeetings. Mit Platz f\u00fcr bis zu 30 Personen, einem Terrassengarten und direkter Lage am Hafen bieten wir den perfekten Rahmen. [&hellip;]<\/p>\n","protected":false},"author":1,"featured_media":0,"parent":0,"menu_order":0,"comment_status":"closed","ping_status":"closed","template":"page-templates\/full-width-page.php","meta":{"footnotes":""},"class_list":["post-3011","page","type-page","status-publish","hentry"],"_links":{"self":[{"href":"https:\/\/riverboat-bistro.de\/index.php?rest_route=\/wp\/v2\/pages\/3011","targetHints":{"allow":["GET"]}}],"collection":[{"href":"https:\/\/riverboat-bistro.de\/index.php?rest_route=\/wp\/v2\/pages"}],"about":[{"href":"https:\/\/riverboat-bistro.de\/index.php?rest_route=\/wp\/v2\/types\/page"}],"author":[{"embeddable":true,"href":"https:\/\/riverboat-bistro.de\/index.php?rest_route=\/wp\/v2\/users\/1"}],"replies":[{"embeddable":true,"href":"https:\/\/riverboat-bistro.de\/index.php?rest_route=%2Fwp%2Fv2%2Fcomments&post=3011"}],"version-history":[{"count":19,"href":"https:\/\/riverboat-bistro.de\/index.php?rest_route=\/wp\/v2\/pages\/3011\/revisions"}],"predecessor-version":[{"id":3270,"href":"https:\/\/riverboat-bistro.de\/index.php?rest_route=\/wp\/v2\/pages\/3011\/revisions\/3270"}],"wp:attachment":[{"href":"https:\/\/riverboat-bistro.de\/index.php?rest_route=%2Fwp%2Fv2%2Fmedia&parent=3011"}],"curies":[{"name":"wp","href":"https:\/\/api.w.org\/{rel}","templated":true}]}}