{"id":2695,"date":"2025-08-25T12:37:29","date_gmt":"2025-08-25T10:37:29","guid":{"rendered":"https:\/\/riverboat-bistro.de\/?page_id=2695"},"modified":"2026-03-18T16:30:40","modified_gmt":"2026-03-18T15:30:40","slug":"3-gaenge-menue-im-bistro","status":"publish","type":"page","link":"https:\/\/riverboat-bistro.de\/?page_id=2695","title":{"rendered":"Ausgew\u00e4hlte Men\u00fcs"},"content":{"rendered":"<div data-colibri-id=\"2695-c1\" class=\"style-994 style-local-2695-c1 position-relative\">\n  <!---->\n  <div data-colibri-component=\"section\" data-colibri-id=\"2695-c2\" id=\"cta\" class=\"h-section h-section-global-spacing d-flex align-items-lg-center align-items-md-center align-items-center style-1251 style-local-2695-c2 position-relative\">\n    <div class=\"background-wrapper\">\n      <div class=\"background-layer background-layer-media-container-lg\">\n        <!---->\n        <div class=\"overlay-layer\">\n          <div class=\"overlay-image-layer\" style=\"background-color: rgb(239, 249, 235); opacity: 0.5;\"><\/div>\n        <\/div>\n      <\/div>\n      <div class=\"background-layer background-layer-media-container-md\">\n        <!---->\n        <div class=\"overlay-layer\">\n          <div class=\"overlay-image-layer\" style=\"background-color: rgb(239, 249, 235); opacity: 0.5;\"><\/div>\n        <\/div>\n      <\/div>\n      <div class=\"background-layer background-layer-media-container\">\n        <!---->\n        <div class=\"overlay-layer\">\n          <div class=\"overlay-image-layer\" style=\"background-color: rgb(239, 249, 235); opacity: 0.5;\"><\/div>\n        <\/div>\n      <\/div>\n    <\/div>\n    <!---->\n    <div class=\"h-section-grid-container h-section-boxed-container\">\n      <!---->\n      <div data-colibri-id=\"2695-c3\" class=\"h-row-container gutters-row-lg-2 gutters-row-md-2 gutters-row-0 gutters-row-v-lg-2 gutters-row-v-md-2 gutters-row-v-2 style-1252 style-local-2695-c3 position-relative\">\n        <!---->\n        <div class=\"h-row justify-content-lg-center justify-content-md-center justify-content-center align-items-lg-stretch align-items-md-stretch align-items-stretch gutters-col-lg-2 gutters-col-md-2 gutters-col-0 gutters-col-v-lg-2 gutters-col-v-md-2 gutters-col-v-2\">\n          <!---->\n          <div class=\"h-column h-column-container d-flex h-col-lg-auto h-col-md-auto h-col-auto style-1253-outer style-local-2695-c4-outer\">\n            <div data-colibri-id=\"2695-c4\" class=\"d-flex h-flex-basis h-column__inner h-px-lg-3 h-px-md-3 h-px-3 v-inner-lg-3 v-inner-md-3 v-inner-3 style-1253 style-local-2695-c4 position-relative\">\n              <!---->\n              <!---->\n              <div class=\"w-100 h-y-container h-column__content h-column__v-align flex-basis-100 align-self-lg-start align-self-md-start align-self-start\">\n                <!---->\n                <div data-colibri-id=\"2695-c5\" class=\"h-global-transition-all h-heading style-1254 style-local-2695-c5 position-relative h-element\">\n                  <!---->\n                  <div class=\"h-heading__outer style-1254 style-local-2695-c5\">\n                    <!---->\n                    <!---->\n                    <h4 class=\"\">An ausgew\u00e4hlten Tagen, zu denen im Riverboat Veranstaltungen stattfinden, bieten wir unseren G\u00e4sten vor der Show ein Men\u00fc an. Auch ohne Ticket zur Veranstaltung k\u00f6nnen Sie gern daran Teilnehmen und einen Abend in unserem Bistro verbringen.<\/h4>\n                  <\/div>\n                <\/div>\n                <div data-colibri-id=\"2695-c6\" class=\"h-x-container style-1255 style-local-2695-c6 position-relative h-element\">\n                  <!---->\n                  <div class=\"h-x-container-inner style-dynamic-2695-c6-group style-1255-spacing style-local-2695-c6-spacing\"><span class=\"h-button__outer style-1256-outer style-local-2695-c7-outer d-inline-flex h-element\"><a h-use-smooth-scroll=\"true\" href=\"https:\/\/riverboat-bistro.de\/?page_id=1788\"  data-colibri-id=\"2695-c7\" class=\"d-flex w-100 align-items-center h-button justify-content-lg-center justify-content-md-center justify-content-center style-1256 style-local-2695-c7 position-relative\"><!----><!----> <span>Buchung Fuzzi-Men\u00fc<\/span><\/a>\n                    <\/span><span class=\"h-button__outer style-1256-outer style-local-2695-c8-outer d-inline-flex h-element\"><a h-use-smooth-scroll=\"true\" href=\"https:\/\/riverboat-bistro.de\/?page_id=1788\"  data-colibri-id=\"2695-c8\" class=\"d-flex w-100 align-items-center h-button justify-content-lg-center justify-content-md-center justify-content-center style-1256 style-local-2695-c8 position-relative\"><!----><!----> <span>Buchung Gala-Men\u00fc<\/span><\/a>\n                    <\/span><span class=\"h-button__outer style-1256-outer style-local-2695-c9-outer d-inline-flex h-element\"><a h-use-smooth-scroll=\"true\" href=\"https:\/\/riverboat-bistro.de\/?page_id=3808\"  data-colibri-id=\"2695-c9\" class=\"d-flex w-100 align-items-center h-button justify-content-lg-center justify-content-md-center justify-content-center style-1256 style-local-2695-c9 position-relative\"><!----><!----> <span>Buchung Silvester-Men\u00fc<\/span><\/a>\n                    <\/span>\n                  <\/div>\n                <\/div>\n              <\/div>\n            <\/div>\n          <\/div>\n        <\/div>\n      <\/div>\n    <\/div>\n  <\/div>\n  <div data-colibri-component=\"section\" data-colibri-id=\"2695-c10\" data-aos=\"fadeInRight\" id=\"about-3\" class=\"h-section h-section-global-spacing d-flex align-items-lg-center align-items-md-center align-items-center style-1053 style-local-2695-c10 position-relative\">\n    <!---->\n    <!---->\n    <div class=\"h-section-grid-container h-section-boxed-container\">\n      <!---->\n      <div data-colibri-id=\"2695-c11\" class=\"h-row-container gutters-row-lg-2 gutters-row-md-2 gutters-row-2 gutters-row-v-lg-2 gutters-row-v-md-2 gutters-row-v-2 style-1054 style-local-2695-c11 position-relative\">\n        <!---->\n        <div class=\"h-row justify-content-lg-center justify-content-md-center justify-content-center align-items-lg-stretch align-items-md-stretch align-items-stretch gutters-col-lg-2 gutters-col-md-2 gutters-col-2 gutters-col-v-lg-2 gutters-col-v-md-2 gutters-col-v-2\">\n          <!---->\n          <div class=\"h-column h-column-container d-flex h-col-lg-auto h-col-md-auto h-col-auto style-1061-outer style-local-2695-c12-outer\">\n            <div data-colibri-id=\"2695-c12\" class=\"d-flex h-flex-basis h-column__inner h-px-lg-2 h-px-md-2 h-px-2 v-inner-lg-2 v-inner-md-2 v-inner-2 style-1061 style-local-2695-c12 position-relative\">\n              <!---->\n              <!---->\n              <div class=\"w-100 h-y-container h-column__content h-column__v-align flex-basis-100 align-self-lg-center align-self-md-center align-self-center\">\n                <!---->\n                <div data-colibri-id=\"2695-c13\" class=\"d-block style-1062 style-local-2695-c13 position-relative h-element\">\n                  <!---->\n                  <div class=\"h-image__frame-container-outer\">\n                    <div class=\"h-image__frame-container\">\n                      <!---->\n                      <!---->\n                      <img loading=\"lazy\" decoding=\"async\" width=\"667\" height=\"667\" src=\"https:\/\/riverboat-bistro.de\/wp-content\/uploads\/2026\/03\/cropped-gulasch-mit-rotkraut.jpg\" class=\"wp-image-4029 style-1062-image style-local-2695-c13-image\" alt=\"\" srcset=\"https:\/\/riverboat-bistro.de\/wp-content\/uploads\/2026\/03\/cropped-gulasch-mit-rotkraut.jpg 667w, https:\/\/riverboat-bistro.de\/wp-content\/uploads\/2026\/03\/cropped-gulasch-mit-rotkraut-300x300.jpg 300w, https:\/\/riverboat-bistro.de\/wp-content\/uploads\/2026\/03\/cropped-gulasch-mit-rotkraut-150x150.jpg 150w\" sizes=\"auto, (max-width: 667px) 100vw, 667px\" \/>\n                      <div class=\"h-image__frame h-hide-sm style-1062-frameImage style-local-2695-c13-frameImage\"><\/div>\n                    <\/div>\n                  <\/div>\n                <\/div>\n              <\/div>\n            <\/div>\n          <\/div>\n          <div class=\"h-column h-column-container d-flex h-col-lg-auto h-col-md-auto h-col-auto style-1055-outer style-local-2695-c14-outer\">\n            <div data-colibri-id=\"2695-c14\" class=\"d-flex h-flex-basis h-column__inner h-px-lg-2 h-px-md-2 h-px-2 v-inner-lg-2 v-inner-md-2 v-inner-2 style-1055 style-local-2695-c14 position-relative\">\n              <!---->\n              <!---->\n              <div class=\"w-100 h-y-container h-column__content h-column__v-align flex-basis-100 align-self-lg-center align-self-md-center align-self-center\">\n                <!---->\n                <div data-colibri-id=\"2695-c15\" class=\"h-global-transition-all h-heading style-1057 style-local-2695-c15 position-relative h-element\">\n                  <!---->\n                  <div class=\"h-heading__outer style-1057 style-local-2695-c15\">\n                    <!---->\n                    <!---->\n                    <h2 class=\"\">Fuzzi-Men\u00fc am<em style=\"color: rgb(3, 169, 244); font-family: &quot;Playfair Display&quot;;\"><br>07.11.2026<\/em><\/h2>\n                  <\/div>\n                <\/div>\n                <div data-colibri-id=\"2695-c16\" class=\"h-lead h-text h-text-component style-1058 style-local-2695-c16 position-relative h-element\">\n                  <!---->\n                  <!---->\n                  <div class=\"\">\n                    <p><em style=\"font-family: &quot;Playfair Display&quot;;\">Vorspeise<br><\/em><span style=\"font-family: &quot;Playfair Display&quot;;\">Hausgemachte Tomatensuppe aus Fr\u00fcchten aus dem eigenen Garten<\/span><\/p>\n                    <p><em style=\"font-family: &quot;Playfair Display&quot;;\"> Hauptspeise<br><\/em><span style=\"font-family: &quot;Playfair Display&quot;;\">Deftiger Wildgulasch in kr\u00e4ftiger Sauce, dazu Kartoffel-Sellerie-Stampf und feines Rotkraut<\/span>\n                      <br><em style=\"font-family: &quot;Playfair Display&quot;; font-weight: 400; font-size: 20px; color: rgb(37, 41, 42);\"><br>Nachspeise<br><\/em><span style=\"font-family: &quot;Playfair Display&quot;; font-weight: 400; font-size: 20px; color: rgb(37, 41, 42);\">Panna Cotta mit Fruchtspiegel<\/span><\/p>\n                    <p><span style=\"color: rgb(37, 41, 42); font-family: &quot;Playfair Display&quot;; font-size: 20px; font-weight: 400;\">42,00 \u20ac p. P.<\/span>\n                      <br>\n                    <\/p>\n                  <\/div>\n                <\/div>\n                <div data-colibri-id=\"2695-c17\" class=\"h-x-container style-1059 style-local-2695-c17 position-relative h-element\">\n                  <!---->\n                  <div class=\"h-x-container-inner style-dynamic-2695-c17-group style-1059-spacing style-local-2695-c17-spacing\"><span class=\"h-button__outer style-1060-outer style-local-2695-c18-outer d-inline-flex h-element\"><a h-use-smooth-scroll=\"true\" href=\"https:\/\/riverboat-bistro.de\/?page_id=1788\"  data-colibri-id=\"2695-c18\" class=\"d-flex w-100 align-items-center h-button justify-content-lg-center justify-content-md-center justify-content-center style-1060 style-local-2695-c18 position-relative\"><!----><!----> <span>Buchung<\/span><\/a>\n                    <\/span>\n                  <\/div>\n                <\/div>\n              <\/div>\n            <\/div>\n          <\/div>\n        <\/div>\n      <\/div>\n    <\/div>\n  <\/div>\n  <div data-colibri-component=\"section\" data-colibri-id=\"2695-c19\" data-aos=\"fadeInLeft\" id=\"about-4\" class=\"h-section h-section-global-spacing d-flex align-items-lg-center align-items-md-center align-items-center style-1063 style-local-2695-c19 position-relative\">\n    <!---->\n    <!---->\n    <div class=\"h-section-grid-container h-section-boxed-container\">\n      <!---->\n      <div data-colibri-id=\"2695-c20\" class=\"h-row-container gutters-row-lg-2 gutters-row-md-2 gutters-row-2 gutters-row-v-lg-2 gutters-row-v-md-2 gutters-row-v-2 style-1064 style-local-2695-c20 position-relative\">\n        <!---->\n        <div class=\"h-row justify-content-lg-center justify-content-md-center justify-content-center align-items-lg-stretch align-items-md-stretch align-items-stretch gutters-col-lg-2 gutters-col-md-2 gutters-col-2 gutters-col-v-lg-2 gutters-col-v-md-2 gutters-col-v-2\">\n          <!---->\n          <div class=\"h-column h-column-container d-flex h-col-lg-auto h-col-md-auto h-col-auto style-1065-outer style-local-2695-c21-outer\">\n            <div data-colibri-id=\"2695-c21\" class=\"d-flex h-flex-basis h-column__inner h-px-lg-2 h-px-md-2 h-px-2 v-inner-lg-2 v-inner-md-2 v-inner-2 style-1065 style-local-2695-c21 position-relative\">\n              <!---->\n              <!---->\n              <div class=\"w-100 h-y-container h-column__content h-column__v-align flex-basis-100 align-self-lg-center align-self-md-center align-self-center\">\n                <!---->\n                <div data-colibri-id=\"2695-c22\" class=\"h-global-transition-all h-heading style-1067 style-local-2695-c22 position-relative h-element\">\n                  <!---->\n                  <div class=\"h-heading__outer style-1067 style-local-2695-c22\">\n                    <!---->\n                    <!---->\n                    <h2 class=\"\"><span style=\"font-family: &quot;Playfair Display&quot;;\">Gala-Men\u00fc am <\/span><em style=\"color: rgb(3, 169, 244); font-family: &quot;Playfair Display&quot;;\"><br>02. &amp; 03.10., 13. &amp; 14.11.2026<\/em><\/h2>\n                  <\/div>\n                <\/div>\n                <div data-colibri-id=\"2695-c23\" class=\"h-lead h-text h-text-component style-1068 style-local-2695-c23 position-relative h-element\">\n                  <!---->\n                  <!---->\n                  <div class=\"\">\n                    <p><em style=\"font-family: &quot;Playfair Display&quot;;\">Samtige Tomatensuppe<br><\/em><span style=\"font-family: &quot;Playfair Display&quot;;\">Fein abgeschmeckt und leicht scharf mit einer Kr\u00e4uternote, einem Hauch von Knoblauch und einem Schuss Sahne<\/span><\/p>\n                    <p><em style=\"font-family: &quot;Playfair Display&quot;;\">Coq au Vin<\/em><span style=\"font-family: &quot;Playfair Display&quot;;\"><br>Zart geschmortes H\u00e4hnchen in aromatischer Rotweinsauce, dazu Kartoffel-Sellerie-Stampf und glasiertes Wurzelgem\u00fcse<\/span><\/p>\n                    <p><em style=\"font-family: &quot;Playfair Display&quot;;\">Schichtdessert im Glas<br><\/em><span style=\"font-family: &quot;Playfair Display&quot;;\">Feine Mascarpone-Sahne-Creme auf einem knusprigen Butterkeksboden und einem Hauch fruchtigem Obst-Topping<\/span>\n                      <br>\n                      <br><span style=\"font-weight: 400; font-size: 20px; font-family: &quot;Playfair Display&quot;; color: rgb(37, 41, 42);\">42,00 \u20ac p. P.<\/span>\n                      <br>\n                    <\/p>\n                  <\/div>\n                <\/div>\n                <div data-colibri-id=\"2695-c24\" class=\"h-x-container style-1069 style-local-2695-c24 position-relative h-element\">\n                  <!---->\n                  <div class=\"h-x-container-inner style-dynamic-2695-c24-group style-1069-spacing style-local-2695-c24-spacing\"><span class=\"h-button__outer style-1070-outer style-local-2695-c25-outer d-inline-flex h-element\"><a h-use-smooth-scroll=\"true\" href=\"https:\/\/riverboat-bistro.de\/?page_id=1788\"  data-colibri-id=\"2695-c25\" class=\"d-flex w-100 align-items-center h-button justify-content-lg-center justify-content-md-center justify-content-center style-1070 style-local-2695-c25 position-relative\"><!----><!----> <span>Buchung<\/span><\/a>\n                    <\/span>\n                  <\/div>\n                <\/div>\n              <\/div>\n            <\/div>\n          <\/div>\n          <div class=\"h-column h-column-container d-flex h-col-lg-auto h-col-md-auto h-col-auto style-1071-outer style-local-2695-c26-outer\">\n            <div data-colibri-id=\"2695-c26\" class=\"d-flex h-flex-basis h-column__inner h-px-lg-2 h-px-md-2 h-px-2 v-inner-lg-2 v-inner-md-2 v-inner-2 style-1071 style-local-2695-c26 position-relative\">\n              <!---->\n              <!---->\n              <div class=\"w-100 h-y-container h-column__content h-column__v-align flex-basis-100 align-self-lg-center align-self-md-center align-self-center\">\n                <!---->\n                <div data-colibri-id=\"2695-c27\" class=\"d-block style-1072 style-local-2695-c27 position-relative h-element\">\n                  <!---->\n                  <div class=\"h-image__frame-container-outer\">\n                    <div class=\"h-image__frame-container\">\n                      <!---->\n                      <!---->\n                      <img loading=\"lazy\" decoding=\"async\" width=\"667\" height=\"667\" src=\"https:\/\/riverboat-bistro.de\/wp-content\/uploads\/2026\/01\/cropped-coq-au-vin.jpg\" class=\"wp-image-3603 style-1072-image style-local-2695-c27-image\" alt=\"\" srcset=\"https:\/\/riverboat-bistro.de\/wp-content\/uploads\/2026\/01\/cropped-coq-au-vin.jpg 667w, https:\/\/riverboat-bistro.de\/wp-content\/uploads\/2026\/01\/cropped-coq-au-vin-300x300.jpg 300w, https:\/\/riverboat-bistro.de\/wp-content\/uploads\/2026\/01\/cropped-coq-au-vin-150x150.jpg 150w\" sizes=\"auto, (max-width: 667px) 100vw, 667px\" \/>\n                      <div class=\"h-image__frame h-hide-sm style-1072-frameImage style-local-2695-c27-frameImage\"><\/div>\n                    <\/div>\n                  <\/div>\n                <\/div>\n              <\/div>\n            <\/div>\n          <\/div>\n        <\/div>\n      <\/div>\n    <\/div>\n  <\/div>\n  <div data-colibri-component=\"section\" data-colibri-id=\"2695-c28\" data-aos=\"fadeInRight\" id=\"about-3\" class=\"h-section h-section-global-spacing d-flex align-items-lg-center align-items-md-center align-items-center style-1053 style-local-2695-c28 position-relative\">\n    <!---->\n    <!---->\n    <div class=\"h-section-grid-container h-section-boxed-container\">\n      <!---->\n      <div data-colibri-id=\"2695-c29\" class=\"h-row-container gutters-row-lg-2 gutters-row-md-2 gutters-row-2 gutters-row-v-lg-2 gutters-row-v-md-2 gutters-row-v-2 style-1054 style-local-2695-c29 position-relative\">\n        <!---->\n        <div class=\"h-row justify-content-lg-center justify-content-md-center justify-content-center align-items-lg-stretch align-items-md-stretch align-items-stretch gutters-col-lg-2 gutters-col-md-2 gutters-col-2 gutters-col-v-lg-2 gutters-col-v-md-2 gutters-col-v-2\">\n          <!---->\n          <div class=\"h-column h-column-container d-flex h-col-lg-auto h-col-md-auto h-col-auto style-1061-outer style-local-2695-c30-outer\">\n            <div data-colibri-id=\"2695-c30\" class=\"d-flex h-flex-basis h-column__inner h-px-lg-2 h-px-md-2 h-px-2 v-inner-lg-2 v-inner-md-2 v-inner-2 style-1061 style-local-2695-c30 position-relative\">\n              <!---->\n              <!---->\n              <div class=\"w-100 h-y-container h-column__content h-column__v-align flex-basis-100 align-self-lg-center align-self-md-center align-self-center\">\n                <!---->\n                <div data-colibri-id=\"2695-c31\" class=\"d-block style-1062 style-local-2695-c31 position-relative h-element\">\n                  <!---->\n                  <div class=\"h-image__frame-container-outer\">\n                    <div class=\"h-image__frame-container\">\n                      <!---->\n                      <!---->\n                      <img loading=\"lazy\" decoding=\"async\" width=\"865\" height=\"863\" src=\"https:\/\/riverboat-bistro.de\/wp-content\/uploads\/2026\/02\/cropped-ochsenbacke-1.jpg\" class=\"wp-image-3800 style-1062-image style-local-2695-c31-image\" alt=\"\" srcset=\"https:\/\/riverboat-bistro.de\/wp-content\/uploads\/2026\/02\/cropped-ochsenbacke-1.jpg 865w, https:\/\/riverboat-bistro.de\/wp-content\/uploads\/2026\/02\/cropped-ochsenbacke-1-300x300.jpg 300w, https:\/\/riverboat-bistro.de\/wp-content\/uploads\/2026\/02\/cropped-ochsenbacke-1-150x150.jpg 150w, https:\/\/riverboat-bistro.de\/wp-content\/uploads\/2026\/02\/cropped-ochsenbacke-1-768x766.jpg 768w\" sizes=\"auto, (max-width: 865px) 100vw, 865px\" \/>\n                      <div class=\"h-image__frame h-hide-sm style-1062-frameImage style-local-2695-c31-frameImage\"><\/div>\n                    <\/div>\n                  <\/div>\n                <\/div>\n              <\/div>\n            <\/div>\n          <\/div>\n          <div class=\"h-column h-column-container d-flex h-col-lg-auto h-col-md-auto h-col-auto style-1055-outer style-local-2695-c32-outer\">\n            <div data-colibri-id=\"2695-c32\" class=\"d-flex h-flex-basis h-column__inner h-px-lg-2 h-px-md-2 h-px-2 v-inner-lg-2 v-inner-md-2 v-inner-2 style-1055 style-local-2695-c32 position-relative\">\n              <!---->\n              <!---->\n              <div class=\"w-100 h-y-container h-column__content h-column__v-align flex-basis-100 align-self-lg-center align-self-md-center align-self-center\">\n                <!---->\n                <div data-colibri-id=\"2695-c33\" class=\"h-global-transition-all h-heading style-1057 style-local-2695-c33 position-relative h-element\">\n                  <!---->\n                  <div class=\"h-heading__outer style-1057 style-local-2695-c33\">\n                    <!---->\n                    <!---->\n                    <h2 class=\"\">Silvester-Gala-Men\u00fc am<em style=\"font-family: &quot;Playfair Display&quot;; color: rgb(3, 169, 244);\"><br>31.12.2026<\/em><\/h2>\n                  <\/div>\n                <\/div>\n                <div data-colibri-id=\"2695-c34\" class=\"h-lead h-text h-text-component style-1058 style-local-2695-c34 position-relative h-element\">\n                  <!---->\n                  <!---->\n                  <div class=\"\">\n                    <p><em style=\"font-family: &quot;Playfair Display&quot;;\">Overt\u00fcre<br><\/em><span style=\"font-family: &quot;Playfair Display&quot;;\">Rote-Bete-Carpaccio, hauchd\u00fcnn geschnitten, mit Zitronen-Vinaigrette, ger\u00f6steten Waln\u00fcssen und Kr\u00e4utern<\/span><\/p>\n                    <p><em style=\"font-family: &quot;Playfair Display&quot;;\"> Akt 1 &#8211; Der sanfte Auftakt<br><\/em><span style=\"font-family: &quot;Playfair Display&quot;;\">Langsam gezogene Rinderbr\u00fche mit feiner Gem\u00fcsebrunoise und einem Hauch frischer Kr\u00e4uter<\/span>\n                      <br><em style=\"font-family: &quot;Playfair Display&quot;; font-weight: 400; font-size: 20px; color: rgb(37, 41, 42);\"><br>Akt 2 &#8211; Das Herzst\u00fcck<br><\/em><span style=\"font-family: &quot;Playfair Display&quot;; font-weight: 400; font-size: 20px; color: rgb(37, 41, 42);\">Zart geschmorte Ochsenb\u00e4ckchen in kr\u00e4ftiger Rotwein-Portwein-Sauce, dazu buttriger Kartoffel-Sellerie-Stampf und glasierter Rosenkohl mit Mandelsplittern<\/span><\/p>\n                    <p><em style=\"font-family: &quot;Playfair Display&quot;;\">Finale<br><\/em><span style=\"font-family: &quot;Playfair Display&quot;;\">Cheesecake im Glas, Schicht f\u00fcr Schicht &#8211; mit Mascarpone-Sahne-Creme und fruchtigem Topping<\/span>\n                      <br>\n                      <br><span style=\"color: rgb(37, 41, 42); font-family: &quot;Playfair Display&quot;; font-size: 20px; font-weight: 400;\">89,00 \u20ac p. P.<\/span>\n                      <br>\n                    <\/p>\n                  <\/div>\n                <\/div>\n                <div data-colibri-id=\"2695-c35\" class=\"h-x-container style-1059 style-local-2695-c35 position-relative h-element\">\n                  <!---->\n                  <div class=\"h-x-container-inner style-dynamic-2695-c35-group style-1059-spacing style-local-2695-c35-spacing\"><span class=\"h-button__outer style-1060-outer style-local-2695-c36-outer d-inline-flex h-element\"><a h-use-smooth-scroll=\"true\" href=\"https:\/\/riverboat-bistro.de\/?page_id=3808\"  data-colibri-id=\"2695-c36\" class=\"d-flex w-100 align-items-center h-button justify-content-lg-center justify-content-md-center justify-content-center style-1060 style-local-2695-c36 position-relative\"><!----><!----> <span>Buchung<\/span><\/a>\n                    <\/span>\n                  <\/div>\n                <\/div>\n              <\/div>\n            <\/div>\n          <\/div>\n        <\/div>\n      <\/div>\n    <\/div>\n  <\/div>\n<\/div>","protected":false},"excerpt":{"rendered":"<p>An ausgew\u00e4hlten Tagen, zu denen im Riverboat Veranstaltungen stattfinden, bieten wir unseren G\u00e4sten vor der Show ein Men\u00fc an. Auch ohne Ticket zur Veranstaltung k\u00f6nnen Sie gern daran Teilnehmen und einen Abend in unserem Bistro verbringen. Buchung Fuzzi-Men\u00fc Buchung Gala-Men\u00fc Buchung Silvester-Men\u00fc Fuzzi-Men\u00fc am07.11.2026 VorspeiseHausgemachte Tomatensuppe aus Fr\u00fcchten aus dem eigenen Garten HauptspeiseDeftiger Wildgulasch in [&hellip;]<\/p>\n","protected":false},"author":1,"featured_media":0,"parent":0,"menu_order":0,"comment_status":"closed","ping_status":"closed","template":"page-templates\/full-width-page.php","meta":{"footnotes":""},"class_list":["post-2695","page","type-page","status-publish","hentry"],"_links":{"self":[{"href":"https:\/\/riverboat-bistro.de\/index.php?rest_route=\/wp\/v2\/pages\/2695","targetHints":{"allow":["GET"]}}],"collection":[{"href":"https:\/\/riverboat-bistro.de\/index.php?rest_route=\/wp\/v2\/pages"}],"about":[{"href":"https:\/\/riverboat-bistro.de\/index.php?rest_route=\/wp\/v2\/types\/page"}],"author":[{"embeddable":true,"href":"https:\/\/riverboat-bistro.de\/index.php?rest_route=\/wp\/v2\/users\/1"}],"replies":[{"embeddable":true,"href":"https:\/\/riverboat-bistro.de\/index.php?rest_route=%2Fwp%2Fv2%2Fcomments&post=2695"}],"version-history":[{"count":20,"href":"https:\/\/riverboat-bistro.de\/index.php?rest_route=\/wp\/v2\/pages\/2695\/revisions"}],"predecessor-version":[{"id":4055,"href":"https:\/\/riverboat-bistro.de\/index.php?rest_route=\/wp\/v2\/pages\/2695\/revisions\/4055"}],"wp:attachment":[{"href":"https:\/\/riverboat-bistro.de\/index.php?rest_route=%2Fwp%2Fv2%2Fmedia&parent=2695"}],"curies":[{"name":"wp","href":"https:\/\/api.w.org\/{rel}","templated":true}]}}