{"id":2,"date":"2025-02-05T16:57:50","date_gmt":"2025-02-05T15:57:50","guid":{"rendered":"http:\/\/riverboat-bistro.de\/?page_id=2"},"modified":"2025-09-03T13:32:16","modified_gmt":"2025-09-03T11:32:16","slug":"freisitz","status":"publish","type":"page","link":"https:\/\/riverboat-bistro.de\/?page_id=2","title":{"rendered":"Freisitz"},"content":{"rendered":"<div data-colibri-id=\"2-c1\" class=\"style-382 style-local-2-c1 position-relative\">\n  <!---->\n  <div data-colibri-component=\"section\" data-colibri-id=\"2-c2\" data-aos=\"fadeInRight\" id=\"about\" class=\"h-section h-section-global-spacing d-flex align-items-lg-center align-items-md-center align-items-center style-387 style-local-2-c2 position-relative\">\n    <!---->\n    <!---->\n    <div class=\"h-section-grid-container h-section-boxed-container\">\n      <!---->\n      <div data-colibri-id=\"2-c3\" class=\"h-row-container gutters-row-lg-2 gutters-row-md-2 gutters-row-2 gutters-row-v-lg-2 gutters-row-v-md-2 gutters-row-v-2 style-388 style-local-2-c3 position-relative\">\n        <!---->\n        <div class=\"h-row justify-content-lg-center justify-content-md-center justify-content-center align-items-lg-stretch align-items-md-stretch align-items-stretch gutters-col-lg-2 gutters-col-md-2 gutters-col-2 gutters-col-v-lg-2 gutters-col-v-md-2 gutters-col-v-2\">\n          <!---->\n          <div class=\"h-column h-column-container d-flex h-col-lg-auto h-col-md-auto h-col-auto style-389-outer style-local-2-c4-outer\">\n            <div data-colibri-id=\"2-c4\" class=\"d-flex h-flex-basis h-column__inner h-px-lg-2 h-px-md-2 h-px-2 v-inner-lg-2 v-inner-md-2 v-inner-2 style-389 style-local-2-c4 position-relative\">\n              <!---->\n              <!---->\n              <div class=\"w-100 h-y-container h-column__content h-column__v-align flex-basis-100 align-self-lg-center align-self-md-center align-self-center\">\n                <!---->\n                <div data-colibri-id=\"2-c5\" class=\"h-global-transition-all h-heading style-390 style-local-2-c5 position-relative h-element\">\n                  <!---->\n                  <div class=\"h-heading__outer style-390 style-local-2-c5\">\n                    <!---->\n                    <!---->\n                    <h5 class=\"\">Das Bistro mit Freisitz am Riverboat<\/h5>\n                  <\/div>\n                <\/div>\n                <div data-colibri-id=\"2-c6\" class=\"h-global-transition-all h-heading style-391 style-local-2-c6 position-relative h-element\">\n                  <!---->\n                  <div class=\"h-heading__outer style-391 style-local-2-c6\">\n                    <!---->\n                    <!---->\n                    <h2 class=\"\">Eine&nbsp;<em style=\"color: rgb(247, 144, 7); font-family: &quot;Playfair Display&quot;;\">Oase<\/em> im&nbsp;<em style=\"color: rgb(247, 144, 7); font-family: &quot;Playfair Display&quot;;\"><span data-animation-duration=\"2.4\" data-type-animation=\"rotate-3\" data-colibri-component=\"fancy-title\"><span class=\"ah-headline rotate-3\"><span style=\"position: relative\" class=\"ah-words-wrapper\"><b class=\"is-visible\">belebten<\/b><b>beliebten<\/b><b>pulsierenden<\/b><b>aufstrebenden<\/b><\/span><\/span><\/span><\/em>                      Stadtteil Plagwitz<\/h2>\n                  <\/div>\n                <\/div>\n                <div data-colibri-id=\"2-c7\" class=\"h-text h-text-component style-392 style-local-2-c7 position-relative h-element\">\n                  <!---->\n                  <!---->\n                  <div class=\"\">\n                    <p>Seit August 2024 l\u00e4dt unser Bistro mit gro\u00dfz\u00fcgigem Freisitz im Vorhof des Riverboats zum Verweilen und Entspannen ein. <\/p>\n                    <p>Direkt am Karl-Heine-Kanal bieten wir Ihnen eine \u00fcbersichtliche Auswahl an Getr\u00e4nken und Snacks \u2013 mit Blick auf das Wasser und das Leipziger Wahrzeichen &#8222;Riverboat&#8220;, umgeben von saisonalem Gr\u00fcn und Bl\u00fcten.<\/p>\n                    <p>\u2693\ufe0f <em style=\"font-family: &quot;Playfair Display&quot;;\">Anreise \u00fcber den Kanal:<\/em>\n                      <br>Unser eigener Bootssteg mit Klampen erm\u00f6glicht sicheres Anlegen.<\/p>\n                    <p>\ud83c\udd7f\ufe0f <em style=\"font-family: &quot;Playfair Display&quot;;\">Bequem parken:<\/em>\n                      <br>Parkpl\u00e4tze stehen direkt im Hof ausreichend zur Verf\u00fcgung.<\/p>\n                    <p>\u26c5 <em style=\"font-family: &quot;Playfair Display&quot;;\">Wetterfest genie\u00dfen:<\/em>\n                      <br>Eine \u00fcberdachte Pergola und Schirme bieten Schutz bei Sonne und Regen.<\/p>\n                  <\/div>\n                <\/div>\n                <div data-colibri-id=\"2-c8\" class=\"h-x-container style-393 style-local-2-c8 position-relative h-element\">\n                  <!---->\n                  <div class=\"h-x-container-inner style-dynamic-2-c8-group style-393-spacing style-local-2-c8-spacing\"><span class=\"h-button__outer style-394-outer style-local-2-c9-outer d-inline-flex h-element\"><a h-use-smooth-scroll=\"true\" href=\"https:\/\/riverboat-bistro.de\/?page_id=2164\"  data-colibri-id=\"2-c9\" class=\"d-flex w-100 align-items-center h-button justify-content-lg-center justify-content-md-center justify-content-center style-394 style-local-2-c9 position-relative\"><!----><!----> <span>Pl\u00e4tze reservieren<\/span><\/a>\n                    <\/span><span class=\"h-button__outer style-394-outer style-local-2-c10-outer d-inline-flex h-element\"><a h-use-smooth-scroll=\"true\" href=\"https:\/\/riverboat-bistro.de\/?page_id=394\"  data-colibri-id=\"2-c10\" class=\"d-flex w-100 align-items-center h-button justify-content-lg-center justify-content-md-center justify-content-center style-394 style-local-2-c10 position-relative\"><!----><!----> <span>Garten<\/span><\/a>\n                    <\/span><span class=\"h-button__outer style-394-outer style-local-2-c11-outer d-inline-flex h-element\"><a h-use-smooth-scroll=\"true\" href=\"https:\/\/riverboat-bistro.de\/?page_id=985\"  data-colibri-id=\"2-c11\" class=\"d-flex w-100 align-items-center h-button justify-content-lg-center justify-content-md-center justify-content-center style-394 style-local-2-c11 position-relative\"><!----><!----> <span>Bistro<\/span><\/a>\n                    <\/span>\n                  <\/div>\n                <\/div>\n              <\/div>\n            <\/div>\n          <\/div>\n          <div class=\"h-column h-column-container d-flex h-col-lg-auto h-col-md-auto h-col-auto style-395-outer style-local-2-c12-outer\">\n            <div data-colibri-id=\"2-c12\" class=\"d-flex h-flex-basis h-column__inner h-px-lg-2 h-px-md-2 h-px-2 v-inner-lg-2 v-inner-md-2 v-inner-2 style-395 style-local-2-c12 position-relative\">\n              <!---->\n              <!---->\n              <div class=\"w-100 h-y-container h-column__content h-column__v-align flex-basis-100 align-self-lg-center align-self-md-center align-self-center\">\n                <!---->\n                <div data-colibri-id=\"2-c13\" class=\"d-block style-396 style-local-2-c13 position-relative h-element\">\n                  <!---->\n                  <div class=\"h-image__frame-container-outer\">\n                    <div class=\"h-image__frame-container\">\n                      <!---->\n                      <!---->\n                      <img loading=\"lazy\" decoding=\"async\" width=\"1474\" height=\"1474\" src=\"https:\/\/riverboat-bistro.de\/wp-content\/uploads\/2025\/02\/cropped-front-fuer-flyer-1-1.jpg\" class=\"wp-image-520 style-396-image style-local-2-c13-image\" alt=\"\" srcset=\"https:\/\/riverboat-bistro.de\/wp-content\/uploads\/2025\/02\/cropped-front-fuer-flyer-1-1.jpg 1474w, https:\/\/riverboat-bistro.de\/wp-content\/uploads\/2025\/02\/cropped-front-fuer-flyer-1-1-300x300.jpg 300w, https:\/\/riverboat-bistro.de\/wp-content\/uploads\/2025\/02\/cropped-front-fuer-flyer-1-1-1024x1024.jpg 1024w, https:\/\/riverboat-bistro.de\/wp-content\/uploads\/2025\/02\/cropped-front-fuer-flyer-1-1-150x150.jpg 150w, https:\/\/riverboat-bistro.de\/wp-content\/uploads\/2025\/02\/cropped-front-fuer-flyer-1-1-768x768.jpg 768w\" sizes=\"auto, (max-width: 1474px) 100vw, 1474px\" \/>\n                      <div class=\"h-image__frame h-hide-sm style-396-frameImage style-local-2-c13-frameImage\"><\/div>\n                    <\/div>\n                  <\/div>\n                <\/div>\n              <\/div>\n            <\/div>\n          <\/div>\n        <\/div>\n      <\/div>\n    <\/div>\n  <\/div>\n<\/div>","protected":false},"excerpt":{"rendered":"<p>Das Bistro mit Freisitz am Riverboat Eine&nbsp;Oase im&nbsp;belebtenbeliebtenpulsierendenaufstrebenden Stadtteil Plagwitz Seit August 2024 l\u00e4dt unser Bistro mit gro\u00dfz\u00fcgigem Freisitz im Vorhof des Riverboats zum Verweilen und Entspannen ein. Direkt am Karl-Heine-Kanal bieten wir Ihnen eine \u00fcbersichtliche Auswahl an Getr\u00e4nken und Snacks \u2013 mit Blick auf das Wasser und das Leipziger Wahrzeichen &#8222;Riverboat&#8220;, umgeben von saisonalem [&hellip;]<\/p>\n","protected":false},"author":1,"featured_media":0,"parent":0,"menu_order":0,"comment_status":"closed","ping_status":"closed","template":"page-templates\/full-width-page.php","meta":{"footnotes":""},"class_list":["post-2","page","type-page","status-publish","hentry"],"_links":{"self":[{"href":"https:\/\/riverboat-bistro.de\/index.php?rest_route=\/wp\/v2\/pages\/2","targetHints":{"allow":["GET"]}}],"collection":[{"href":"https:\/\/riverboat-bistro.de\/index.php?rest_route=\/wp\/v2\/pages"}],"about":[{"href":"https:\/\/riverboat-bistro.de\/index.php?rest_route=\/wp\/v2\/types\/page"}],"author":[{"embeddable":true,"href":"https:\/\/riverboat-bistro.de\/index.php?rest_route=\/wp\/v2\/users\/1"}],"replies":[{"embeddable":true,"href":"https:\/\/riverboat-bistro.de\/index.php?rest_route=%2Fwp%2Fv2%2Fcomments&post=2"}],"version-history":[{"count":20,"href":"https:\/\/riverboat-bistro.de\/index.php?rest_route=\/wp\/v2\/pages\/2\/revisions"}],"predecessor-version":[{"id":3277,"href":"https:\/\/riverboat-bistro.de\/index.php?rest_route=\/wp\/v2\/pages\/2\/revisions\/3277"}],"wp:attachment":[{"href":"https:\/\/riverboat-bistro.de\/index.php?rest_route=%2Fwp%2Fv2%2Fmedia&parent=2"}],"curies":[{"name":"wp","href":"https:\/\/api.w.org\/{rel}","templated":true}]}}